{"id":1830,"date":"2025-01-16T17:42:54","date_gmt":"2025-01-16T16:42:54","guid":{"rendered":"https:\/\/lavidangeloiseau.myskydoowebsite.com\/?page_id=1830"},"modified":"2025-06-11T14:20:20","modified_gmt":"2025-06-11T12:20:20","slug":"puisards","status":"publish","type":"page","link":"https:\/\/lavidangeloiseau.be\/nl\/puisards\/","title":{"rendered":"Pompen"},"content":{"rendered":"<div data-elementor-type=\"wp-page\" data-elementor-id=\"1830\" class=\"elementor elementor-1830\" data-elementor-post-type=\"page\">\n\t\t\t\t<div class=\"elementor-element elementor-element-969fca1 e-flex e-con-boxed e-con e-parent\" data-id=\"969fca1\" data-element_type=\"container\" data-e-type=\"container\" data-settings=\"{&quot;background_background&quot;:&quot;classic&quot;,&quot;shape_divider_bottom&quot;:&quot;triangle&quot;,&quot;shape_divider_bottom_negative&quot;:&quot;yes&quot;}\">\n\t\t\t\t\t<div class=\"e-con-inner\">\n\t\t\t\t<div class=\"elementor-shape elementor-shape-bottom\" aria-hidden=\"true\" data-negative=\"true\">\n\t\t\t<svg xmlns=\"http:\/\/www.w3.org\/2000\/svg\" viewbox=\"0 0 1000 100\" preserveaspectratio=\"none\">\n\t<path class=\"elementor-shape-fill\" d=\"M500.2,94.7L0,0v100h1000V0L500.2,94.7z\"\/>\n<\/svg>\t\t<\/div>\n\t\t\t\t<div class=\"elementor-element elementor-element-c0ae8ae elementor-widget elementor-widget-heading\" data-id=\"c0ae8ae\" data-element_type=\"widget\" data-e-type=\"widget\" data-widget_type=\"heading.default\">\n\t\t\t\t<div class=\"elementor-widget-container\">\n\t\t\t\t\t<h1 class=\"elementor-heading-title elementor-size-default\">Lediging en onderhoud van puinputten <\/h1>\t\t\t\t<\/div>\n\t\t\t\t<\/div>\n\t\t\t\t<div class=\"elementor-element elementor-element-0fdadab elementor-widget-divider--view-line elementor-widget elementor-widget-divider\" data-id=\"0fdadab\" data-element_type=\"widget\" data-e-type=\"widget\" data-widget_type=\"divider.default\">\n\t\t\t\t<div class=\"elementor-widget-container\">\n\t\t\t\t\t\t\t<div class=\"elementor-divider\">\n\t\t\t<span class=\"elementor-divider-separator\">\n\t\t\t\t\t\t<\/span>\n\t\t<\/div>\n\t\t\t\t\t\t<\/div>\n\t\t\t\t<\/div>\n\t\t\t\t<div class=\"elementor-element elementor-element-fbd32a6 elementor-widget elementor-widget-text-editor\" data-id=\"fbd32a6\" data-element_type=\"widget\" data-e-type=\"widget\" data-widget_type=\"text-editor.default\">\n\t\t\t\t<div class=\"elementor-widget-container\">\n\t\t\t\t\t\t\t\t\t<p class=\"translation-block\">De <strong>puinput<\/strong> is een essentieel onderdeel van het regen- en afvalwaterafvoersysteem. Zijn belangrijkste rol is om <strong>water in de grond te laten infiltreren<\/strong>, waardoor ophopingen en overstromingen worden voorkomen. Na verloop van tijd kan de put echter verstopt raken door de ophoping van <strong>slib, sedimenten en afval<\/strong>, wat de effici\u00ebntie vermindert en <strong>overstromingen<\/strong> kan veroorzaken.<\/p><p class=\"translation-block\"><strong>La Vidange Loiseau<\/strong>, specialist in riolering sinds meer dan 60 jaar, biedt een <strong>complete service voor het ledigen en reinigen van puinputten<\/strong> om hun goede werking te garanderen en de levensduur te verlengen. Onze gekwalificeerde technici grijpen in met geavanceerd materiaal om <strong>afzettingen te verwijderen, grondig te reinigen en een optimale waterinfiltratie<\/strong> te waarborgen.<\/p>\t\t\t\t\t\t\t\t<\/div>\n\t\t\t\t<\/div>\n\t\t\t\t<div class=\"elementor-element elementor-element-40943b6 elementor-align-center elementor-widget elementor-widget-button\" data-id=\"40943b6\" data-element_type=\"widget\" data-e-type=\"widget\" data-widget_type=\"button.default\">\n\t\t\t\t<div class=\"elementor-widget-container\">\n\t\t\t\t\t\t\t\t\t<div class=\"elementor-button-wrapper\">\n\t\t\t\t\t<a class=\"elementor-button elementor-button-link elementor-size-sm\" href=\"https:\/\/lavidangeloiseau.be\/nl\/contact\/\">\n\t\t\t\t\t\t<span class=\"elementor-button-content-wrapper\">\n\t\t\t\t\t\t<span class=\"elementor-button-icon\">\n\t\t\t\t<i aria-hidden=\"true\" class=\"fas fa-arrow-right\"><\/i>\t\t\t<\/span>\n\t\t\t\t\t\t\t\t\t<span class=\"elementor-button-text\">Neem contact met ons op<\/span>\n\t\t\t\t\t<\/span>\n\t\t\t\t\t<\/a>\n\t\t\t\t<\/div>\n\t\t\t\t\t\t\t\t<\/div>\n\t\t\t\t<\/div>\n\t\t\t\t\t<\/div>\n\t\t\t\t<\/div>\n\t\t<div class=\"elementor-element elementor-element-b238675 e-flex e-con-boxed e-con e-parent\" data-id=\"b238675\" data-element_type=\"container\" data-e-type=\"container\">\n\t\t\t\t\t<div class=\"e-con-inner\">\n\t\t<div class=\"elementor-element elementor-element-cb66b3c e-con-full e-flex e-con e-child\" data-id=\"cb66b3c\" data-element_type=\"container\" data-e-type=\"container\" data-settings=\"{&quot;background_background&quot;:&quot;classic&quot;}\">\n\t\t\t\t<\/div>\n\t\t<div class=\"elementor-element elementor-element-ab810ba e-con-full e-flex e-con e-child\" data-id=\"ab810ba\" data-element_type=\"container\" data-e-type=\"container\">\n\t\t\t\t<div class=\"elementor-element elementor-element-37caf8a elementor-widget-divider--view-line_text elementor-widget-divider--separator-type-pattern elementor-widget-divider--element-align-center elementor-widget elementor-widget-divider\" data-id=\"37caf8a\" data-element_type=\"widget\" data-e-type=\"widget\" data-widget_type=\"divider.default\">\n\t\t\t\t<div class=\"elementor-widget-container\">\n\t\t\t\t\t\t\t<div class=\"elementor-divider\" style=\"--divider-pattern-url: url(&quot;data:image\/svg+xml,%3Csvg xmlns=&#039;http:\/\/www.w3.org\/2000\/svg&#039; preserveAspectRatio=&#039;none&#039; overflow=&#039;visible&#039; height=&#039;100%&#039; viewBox=&#039;0 0 20 16&#039; fill=&#039;none&#039; stroke=&#039;black&#039; stroke-width=&#039;1&#039; stroke-linecap=&#039;square&#039; stroke-miterlimit=&#039;10&#039;%3E%3Cg transform=&#039;translate(-12.000000, 0)&#039;%3E%3Cpath d=&#039;M28,0L10,18&#039;\/%3E%3Cpath d=&#039;M18,0L0,18&#039;\/%3E%3Cpath d=&#039;M48,0L30,18&#039;\/%3E%3Cpath d=&#039;M38,0L20,18&#039;\/%3E%3C\/g%3E%3C\/svg%3E&quot;);\">\n\t\t\t<span class=\"elementor-divider-separator\">\n\t\t\t\t\t\t\t<h2 class=\"elementor-divider__text elementor-divider__element\">\n\t\t\t\tLediging en onderhoud van uw puinput\t\t\t\t<\/h2>\n\t\t\t\t\t\t<\/span>\n\t\t<\/div>\n\t\t\t\t\t\t<\/div>\n\t\t\t\t<\/div>\n\t\t\t\t<div class=\"elementor-element elementor-element-660779f elementor-widget elementor-widget-text-editor\" data-id=\"660779f\" data-element_type=\"widget\" data-e-type=\"widget\" data-widget_type=\"text-editor.default\">\n\t\t\t\t<div class=\"elementor-widget-container\">\n\t\t\t\t\t\t\t\t\t<p class=\"translation-block\">De <strong>puinput<\/strong> is een essentieel onderdeel van het <strong>regenwaterafvoersysteem<\/strong>. Zijn functie is om water op te nemen en in de grond te infiltreren om <strong>overstromingen en ophoping van stilstaand water<\/strong> te voorkomen. Na verloop van tijd kunnen <strong>slib, sedimenten en afval<\/strong> zich ophopen, waardoor de effici\u00ebntie afneemt en <strong>drainageproblemen<\/strong> ontstaan.<\/p><p class=\"translation-block\">Bij <strong>La Vidange Loiseau<\/strong> bieden wij een <strong>ledigings- en reinigingsservice voor putten<\/strong> aan in Brussel, Waals-Brabant en Vlaams-Brabant. Onze experts staan klaar om <strong>residuen te pompen<\/strong>, leidingen te ontstoppen en de <strong>goede werking van uw installatie te garanderen<\/strong>.<\/p><p class=\"translation-block\">Een slecht onderhouden <strong>puinput<\/strong> kan <strong>slechte geuren, overstromingen en infiltraties<\/strong> in uw gebouwen veroorzaken. Wij raden dan ook een <strong>regelmatig preventief onderhoud<\/strong> aan om ongemakken te voorkomen en een optimale afvoer van het water te garanderen.<\/p><p class=\"translation-block\">Behoefte aan een <strong>snelle interventie<\/strong>? Doe een beroep op onze specialisten voor een <strong>professionele en effici\u00ebnte service<\/strong>.<\/p>\t\t\t\t\t\t\t\t<\/div>\n\t\t\t\t<\/div>\n\t\t\t\t<div class=\"elementor-element elementor-element-8936dbb elementor-mobile-align-center elementor-widget elementor-widget-button\" data-id=\"8936dbb\" data-element_type=\"widget\" data-e-type=\"widget\" data-widget_type=\"button.default\">\n\t\t\t\t<div class=\"elementor-widget-container\">\n\t\t\t\t\t\t\t\t\t<div class=\"elementor-button-wrapper\">\n\t\t\t\t\t<a class=\"elementor-button elementor-button-link elementor-size-sm\" href=\"https:\/\/lavidangeloiseau.be\/nl\/contact\/\">\n\t\t\t\t\t\t<span class=\"elementor-button-content-wrapper\">\n\t\t\t\t\t\t<span class=\"elementor-button-icon\">\n\t\t\t\t<i aria-hidden=\"true\" class=\"fas fa-arrow-right\"><\/i>\t\t\t<\/span>\n\t\t\t\t\t\t\t\t\t<span class=\"elementor-button-text\">Neem contact met ons op<\/span>\n\t\t\t\t\t<\/span>\n\t\t\t\t\t<\/a>\n\t\t\t\t<\/div>\n\t\t\t\t\t\t\t\t<\/div>\n\t\t\t\t<\/div>\n\t\t\t\t<\/div>\n\t\t\t\t\t<\/div>\n\t\t\t\t<\/div>\n\t\t<div class=\"elementor-element elementor-element-6761ad2 e-flex e-con-boxed e-con e-parent\" data-id=\"6761ad2\" data-element_type=\"container\" data-e-type=\"container\" data-settings=\"{&quot;background_background&quot;:&quot;classic&quot;}\">\n\t\t\t\t\t<div class=\"e-con-inner\">\n\t\t\t\t<div class=\"elementor-element elementor-element-cbfc08d elementor-widget elementor-widget-heading\" data-id=\"cbfc08d\" data-element_type=\"widget\" data-e-type=\"widget\" data-widget_type=\"heading.default\">\n\t\t\t\t<div class=\"elementor-widget-container\">\n\t\t\t\t\t<h2 class=\"elementor-heading-title elementor-size-default\">Behoefte aan een snelle interventie? Neem contact met ons op!\n<\/h2>\t\t\t\t<\/div>\n\t\t\t\t<\/div>\n\t\t\t\t<div class=\"elementor-element elementor-element-e302749 elementor-widget-divider--view-line elementor-widget elementor-widget-divider\" data-id=\"e302749\" data-element_type=\"widget\" data-e-type=\"widget\" data-widget_type=\"divider.default\">\n\t\t\t\t<div class=\"elementor-widget-container\">\n\t\t\t\t\t\t\t<div class=\"elementor-divider\">\n\t\t\t<span class=\"elementor-divider-separator\">\n\t\t\t\t\t\t<\/span>\n\t\t<\/div>\n\t\t\t\t\t\t<\/div>\n\t\t\t\t<\/div>\n\t\t\t\t<div class=\"elementor-element elementor-element-80957b5 elementor-widget elementor-widget-text-editor\" data-id=\"80957b5\" data-element_type=\"widget\" data-e-type=\"widget\" data-widget_type=\"text-editor.default\">\n\t\t\t\t<div class=\"elementor-widget-container\">\n\t\t\t\t\t\t\t\t\t<p class=\"translation-block\"><strong>La Vidange Loiseau<\/strong> staat tot uw dienst voor al uw behoeften op het gebied van <strong>ruiming, ontstopping en onderhoud<\/strong> van uw installaties. Gevestigd in Brussel en actief in heel Waals-Brabant en Vlaams-Brabant, garanderen wij een <strong>snelle en effici\u00ebnte interventie<\/strong>, of het nu gaat om een <strong>spoedontstopping, het reinigen van een septische put of het pompen van een overstromde kelder<\/strong>.<\/p>\t\t\t\t\t\t\t\t<\/div>\n\t\t\t\t<\/div>\n\t\t<div class=\"elementor-element elementor-element-68780c1 e-con-full e-flex e-con e-child\" data-id=\"68780c1\" data-element_type=\"container\" data-e-type=\"container\">\n\t\t\t\t<div class=\"elementor-element elementor-element-78f6a92 elementor-widget elementor-widget-button\" data-id=\"78f6a92\" data-element_type=\"widget\" data-e-type=\"widget\" data-widget_type=\"button.default\">\n\t\t\t\t<div class=\"elementor-widget-container\">\n\t\t\t\t\t\t\t\t\t<div class=\"elementor-button-wrapper\">\n\t\t\t\t\t<a class=\"elementor-button elementor-button-link elementor-size-sm\" href=\"tel:024102154\">\n\t\t\t\t\t\t<span class=\"elementor-button-content-wrapper\">\n\t\t\t\t\t\t\t\t\t<span class=\"elementor-button-text\">02 410 21 54<\/span>\n\t\t\t\t\t<\/span>\n\t\t\t\t\t<\/a>\n\t\t\t\t<\/div>\n\t\t\t\t\t\t\t\t<\/div>\n\t\t\t\t<\/div>\n\t\t\t\t<div class=\"elementor-element elementor-element-f99fbbd elementor-widget elementor-widget-button\" data-id=\"f99fbbd\" data-element_type=\"widget\" data-e-type=\"widget\" data-widget_type=\"button.default\">\n\t\t\t\t<div class=\"elementor-widget-container\">\n\t\t\t\t\t\t\t\t\t<div class=\"elementor-button-wrapper\">\n\t\t\t\t\t<a class=\"elementor-button elementor-button-link elementor-size-sm\" href=\"mailto:info@lavidangeloiseau.be\">\n\t\t\t\t\t\t<span class=\"elementor-button-content-wrapper\">\n\t\t\t\t\t\t\t\t\t<span class=\"elementor-button-text\"> info@lavidangeloiseau.be<\/span>\n\t\t\t\t\t<\/span>\n\t\t\t\t\t<\/a>\n\t\t\t\t<\/div>\n\t\t\t\t\t\t\t\t<\/div>\n\t\t\t\t<\/div>\n\t\t\t\t<\/div>\n\t\t\t\t\t<\/div>\n\t\t\t\t<\/div>\n\t\t<div class=\"elementor-element elementor-element-fb372a8 e-flex e-con-boxed e-con e-parent\" data-id=\"fb372a8\" data-element_type=\"container\" data-e-type=\"container\" data-settings=\"{&quot;background_background&quot;:&quot;classic&quot;,&quot;shape_divider_bottom&quot;:&quot;triangle&quot;,&quot;shape_divider_bottom_negative&quot;:&quot;yes&quot;}\">\n\t\t\t\t\t<div class=\"e-con-inner\">\n\t\t\t\t<div class=\"elementor-shape elementor-shape-bottom\" aria-hidden=\"true\" data-negative=\"true\">\n\t\t\t<svg xmlns=\"http:\/\/www.w3.org\/2000\/svg\" viewbox=\"0 0 1000 100\" preserveaspectratio=\"none\">\n\t<path class=\"elementor-shape-fill\" d=\"M500.2,94.7L0,0v100h1000V0L500.2,94.7z\"\/>\n<\/svg>\t\t<\/div>\n\t\t<div class=\"elementor-element elementor-element-dce738c e-con-full e-flex e-con e-child\" data-id=\"dce738c\" data-element_type=\"container\" data-e-type=\"container\">\n\t\t\t\t<div class=\"elementor-element elementor-element-eb9e019 elementor-widget elementor-widget-heading\" data-id=\"eb9e019\" data-element_type=\"widget\" data-e-type=\"widget\" data-widget_type=\"heading.default\">\n\t\t\t\t<div class=\"elementor-widget-container\">\n\t\t\t\t\t<h2 class=\"elementor-heading-title elementor-size-default\">Behoud de effici\u00ebntie van uw installaties\n<\/h2>\t\t\t\t<\/div>\n\t\t\t\t<\/div>\n\t\t\t\t<div class=\"elementor-element elementor-element-5f1bded elementor-widget-divider--view-line elementor-widget elementor-widget-divider\" data-id=\"5f1bded\" data-element_type=\"widget\" data-e-type=\"widget\" data-widget_type=\"divider.default\">\n\t\t\t\t<div class=\"elementor-widget-container\">\n\t\t\t\t\t\t\t<div class=\"elementor-divider\">\n\t\t\t<span class=\"elementor-divider-separator\">\n\t\t\t\t\t\t<\/span>\n\t\t<\/div>\n\t\t\t\t\t\t<\/div>\n\t\t\t\t<\/div>\n\t\t\t\t<div class=\"elementor-element elementor-element-7a29459 elementor-widget elementor-widget-text-editor\" data-id=\"7a29459\" data-element_type=\"widget\" data-e-type=\"widget\" data-widget_type=\"text-editor.default\">\n\t\t\t\t<div class=\"elementor-widget-container\">\n\t\t\t\t\t\t\t\t\t<p class=\"translation-block\"><strong>La Vidange Loiseau<\/strong>, specialist in riolering sinds meer dan 60 jaar, biedt een <strong>complete service voor het ledigen en reinigen van puinputten<\/strong> om hun goede werking te garanderen en de levensduur te verlengen. Onze gekwalificeerde technici grijpen in met geavanceerd materiaal om <strong>afzettingen te verwijderen, grondig te reinigen en een optimale waterinfiltratie<\/strong> te waarborgen.<\/p><p class=\"translation-block\">Onze technici grijpen snel in om <strong>het slib op te zuigen, opgehoopte resten te verwijderen en een perfecte dichtheid<\/strong> van uw installatie te waarborgen. Een slecht onderhouden <strong>puinput<\/strong> kan <strong>slechte geuren<\/strong>, <strong>verstoppingen in uw afvoersysteem<\/strong> en <strong>vervuiling van de omliggende grond<\/strong> veroorzaken.<\/p>\t\t\t\t\t\t\t\t<\/div>\n\t\t\t\t<\/div>\n\t\t\t\t<\/div>\n\t\t\t\t\t<\/div>\n\t\t\t\t<\/div>\n\t\t\t\t<\/div>","protected":false},"excerpt":{"rendered":"<p>Vidange et entretien de puisards Le puisard est un \u00e9l\u00e9ment cl\u00e9 du syst\u00e8me d\u2019\u00e9vacuation des eaux pluviales et us\u00e9es. Son r\u00f4le principal est de permettre l\u2019infiltration de l\u2019eau dans le sol, \u00e9vitant ainsi les accumulations et les inondations. Cependant, avec le temps, il peut se boucher \u00e0 cause de l\u2019accumulation de boue, s\u00e9diments et d\u00e9chets, [&hellip;]<\/p>\n","protected":false},"author":1,"featured_media":2525,"parent":0,"menu_order":0,"comment_status":"closed","ping_status":"closed","template":"","meta":{"footnotes":""},"class_list":["post-1830","page","type-page","status-publish","has-post-thumbnail","hentry"],"_links":{"self":[{"href":"https:\/\/lavidangeloiseau.be\/nl\/wp-json\/wp\/v2\/pages\/1830","targetHints":{"allow":["GET"]}}],"collection":[{"href":"https:\/\/lavidangeloiseau.be\/nl\/wp-json\/wp\/v2\/pages"}],"about":[{"href":"https:\/\/lavidangeloiseau.be\/nl\/wp-json\/wp\/v2\/types\/page"}],"author":[{"embeddable":true,"href":"https:\/\/lavidangeloiseau.be\/nl\/wp-json\/wp\/v2\/users\/1"}],"replies":[{"embeddable":true,"href":"https:\/\/lavidangeloiseau.be\/nl\/wp-json\/wp\/v2\/comments?post=1830"}],"version-history":[{"count":26,"href":"https:\/\/lavidangeloiseau.be\/nl\/wp-json\/wp\/v2\/pages\/1830\/revisions"}],"predecessor-version":[{"id":2638,"href":"https:\/\/lavidangeloiseau.be\/nl\/wp-json\/wp\/v2\/pages\/1830\/revisions\/2638"}],"wp:featuredmedia":[{"embeddable":true,"href":"https:\/\/lavidangeloiseau.be\/nl\/wp-json\/wp\/v2\/media\/2525"}],"wp:attachment":[{"href":"https:\/\/lavidangeloiseau.be\/nl\/wp-json\/wp\/v2\/media?parent=1830"}],"curies":[{"name":"wp","href":"https:\/\/api.w.org\/{rel}","templated":true}]}}