{"id":1828,"date":"2025-01-16T17:42:44","date_gmt":"2025-01-16T16:42:44","guid":{"rendered":"https:\/\/lavidangeloiseau.myskydoowebsite.com\/?page_id=1828"},"modified":"2025-06-11T14:33:29","modified_gmt":"2025-06-11T12:33:29","slug":"degraisseurs","status":"publish","type":"page","link":"https:\/\/lavidangeloiseau.be\/nl\/degraisseurs\/","title":{"rendered":"Ontvetter legen"},"content":{"rendered":"<div data-elementor-type=\"wp-page\" data-elementor-id=\"1828\" class=\"elementor elementor-1828\" data-elementor-post-type=\"page\">\n\t\t\t\t<div class=\"elementor-element elementor-element-a5480d2 e-flex e-con-boxed e-con e-parent\" data-id=\"a5480d2\" data-element_type=\"container\" data-e-type=\"container\" data-settings=\"{&quot;background_background&quot;:&quot;classic&quot;,&quot;shape_divider_bottom&quot;:&quot;triangle&quot;,&quot;shape_divider_bottom_negative&quot;:&quot;yes&quot;}\">\n\t\t\t\t\t<div class=\"e-con-inner\">\n\t\t\t\t<div class=\"elementor-shape elementor-shape-bottom\" aria-hidden=\"true\" data-negative=\"true\">\n\t\t\t<svg xmlns=\"http:\/\/www.w3.org\/2000\/svg\" viewbox=\"0 0 1000 100\" preserveaspectratio=\"none\">\n\t<path class=\"elementor-shape-fill\" d=\"M500.2,94.7L0,0v100h1000V0L500.2,94.7z\"\/>\n<\/svg>\t\t<\/div>\n\t\t\t\t<div class=\"elementor-element elementor-element-1221b15 elementor-widget elementor-widget-heading\" data-id=\"1221b15\" data-element_type=\"widget\" data-e-type=\"widget\" data-widget_type=\"heading.default\">\n\t\t\t\t<div class=\"elementor-widget-container\">\n\t\t\t\t\t<h1 class=\"elementor-heading-title elementor-size-default\">Lediging van vetafscheiders: een essentieel onderhoud voor uw installaties\n<\/h1>\t\t\t\t<\/div>\n\t\t\t\t<\/div>\n\t\t\t\t<div class=\"elementor-element elementor-element-f6b7b88 elementor-widget-divider--view-line elementor-widget elementor-widget-divider\" data-id=\"f6b7b88\" data-element_type=\"widget\" data-e-type=\"widget\" data-widget_type=\"divider.default\">\n\t\t\t\t<div class=\"elementor-widget-container\">\n\t\t\t\t\t\t\t<div class=\"elementor-divider\">\n\t\t\t<span class=\"elementor-divider-separator\">\n\t\t\t\t\t\t<\/span>\n\t\t<\/div>\n\t\t\t\t\t\t<\/div>\n\t\t\t\t<\/div>\n\t\t\t\t<div class=\"elementor-element elementor-element-0f7df7d elementor-widget elementor-widget-text-editor\" data-id=\"0f7df7d\" data-element_type=\"widget\" data-e-type=\"widget\" data-widget_type=\"text-editor.default\">\n\t\t\t\t<div class=\"elementor-widget-container\">\n\t\t\t\t\t\t\t\t\t<p>De <strong>lediging van vetafscheiders<\/strong> is een noodzakelijke handeling om het goede functioneren van de installaties te garanderen en de ophoping van <strong>vetten<\/strong>, <strong>oli\u00ebn<\/strong> en <strong>voedselresten<\/strong> te voorkomen. Na verloop van tijd kunnen deze ophopingen <strong>verstoppingen<\/strong>, <strong>slechte geuren<\/strong> en <strong>storingen in de leidingen<\/strong> veroorzaken.<\/p><p><strong>La Vidange Loiseau<\/strong> grijpt in in <strong>Brussel<\/strong> en het <strong>Brabant Wallon<\/strong> om een <strong>volledige lediging<\/strong> en een <strong>grondige reiniging<\/strong> van de vetafscheiders te waarborgen. Dankzij geavanceerd materiaal en geschikte technieken garandeert het team een <strong>optimale<\/strong> oplossing, waarmee het risico op verstoppingen wordt voorkomen en de naleving van de sanitaire normen wordt behouden. Regelmatig onderhoud van vetafscheiders verbetert de levensduur van de installaties en zorgt voor een <strong>gezonde omgeving<\/strong>.<\/p>\t\t\t\t\t\t\t\t<\/div>\n\t\t\t\t<\/div>\n\t\t\t\t<div class=\"elementor-element elementor-element-94b1f2d elementor-align-center elementor-widget elementor-widget-button\" data-id=\"94b1f2d\" data-element_type=\"widget\" data-e-type=\"widget\" data-widget_type=\"button.default\">\n\t\t\t\t<div class=\"elementor-widget-container\">\n\t\t\t\t\t\t\t\t\t<div class=\"elementor-button-wrapper\">\n\t\t\t\t\t<a class=\"elementor-button elementor-button-link elementor-size-sm\" href=\"https:\/\/lavidangeloiseau.be\/nl\/contact\/\">\n\t\t\t\t\t\t<span class=\"elementor-button-content-wrapper\">\n\t\t\t\t\t\t<span class=\"elementor-button-icon\">\n\t\t\t\t<i aria-hidden=\"true\" class=\"fas fa-arrow-right\"><\/i>\t\t\t<\/span>\n\t\t\t\t\t\t\t\t\t<span class=\"elementor-button-text\">Neem contact met ons op<\/span>\n\t\t\t\t\t<\/span>\n\t\t\t\t\t<\/a>\n\t\t\t\t<\/div>\n\t\t\t\t\t\t\t\t<\/div>\n\t\t\t\t<\/div>\n\t\t\t\t\t<\/div>\n\t\t\t\t<\/div>\n\t\t<div class=\"elementor-element elementor-element-7e7a784 e-flex e-con-boxed e-con e-parent\" data-id=\"7e7a784\" data-element_type=\"container\" data-e-type=\"container\">\n\t\t\t\t\t<div class=\"e-con-inner\">\n\t\t<div class=\"elementor-element elementor-element-8f4e4ca e-con-full e-flex e-con e-child\" data-id=\"8f4e4ca\" data-element_type=\"container\" data-e-type=\"container\" data-settings=\"{&quot;background_background&quot;:&quot;classic&quot;}\">\n\t\t\t\t<div class=\"elementor-element elementor-element-7008100 elementor-widget elementor-widget-image\" data-id=\"7008100\" data-element_type=\"widget\" data-e-type=\"widget\" data-widget_type=\"image.default\">\n\t\t\t\t<div class=\"elementor-widget-container\">\n\t\t\t\t\t\t\t\t\t\t\t\t\t\t\t<img fetchpriority=\"high\" decoding=\"async\" width=\"2160\" height=\"1440\" src=\"https:\/\/lavidangeloiseau.be\/wp-content\/uploads\/vitesske-photo-19.jpg\" class=\"attachment-large size-large wp-image-2525\" alt=\"puisards\" srcset=\"https:\/\/lavidangeloiseau.be\/wp-content\/uploads\/vitesske-photo-19.jpg 2160w, https:\/\/lavidangeloiseau.be\/wp-content\/uploads\/vitesske-photo-19-768x512.jpg 768w, https:\/\/lavidangeloiseau.be\/wp-content\/uploads\/vitesske-photo-19-1536x1024.jpg 1536w, https:\/\/lavidangeloiseau.be\/wp-content\/uploads\/vitesske-photo-19-2048x1365.jpg 2048w, https:\/\/lavidangeloiseau.be\/wp-content\/uploads\/vitesske-photo-19-18x12.jpg 18w\" sizes=\"(max-width: 2160px) 100vw, 2160px\" title=\"\">\t\t\t\t\t\t\t\t\t\t\t\t\t\t\t<\/div>\n\t\t\t\t<\/div>\n\t\t\t\t<div class=\"elementor-element elementor-element-ecf07b7 elementor-widget elementor-widget-image\" data-id=\"ecf07b7\" data-element_type=\"widget\" data-e-type=\"widget\" data-widget_type=\"image.default\">\n\t\t\t\t<div class=\"elementor-widget-container\">\n\t\t\t\t\t\t\t\t\t\t\t\t\t\t\t<img decoding=\"async\" width=\"2160\" height=\"1440\" src=\"https:\/\/lavidangeloiseau.be\/wp-content\/uploads\/vitesske-photo-20.jpg\" class=\"attachment-large size-large wp-image-2526\" alt=\"d\u00e9graisseurs\" srcset=\"https:\/\/lavidangeloiseau.be\/wp-content\/uploads\/vitesske-photo-20.jpg 2160w, https:\/\/lavidangeloiseau.be\/wp-content\/uploads\/vitesske-photo-20-768x512.jpg 768w, https:\/\/lavidangeloiseau.be\/wp-content\/uploads\/vitesske-photo-20-1536x1024.jpg 1536w, https:\/\/lavidangeloiseau.be\/wp-content\/uploads\/vitesske-photo-20-2048x1365.jpg 2048w, https:\/\/lavidangeloiseau.be\/wp-content\/uploads\/vitesske-photo-20-18x12.jpg 18w\" sizes=\"(max-width: 2160px) 100vw, 2160px\" title=\"\">\t\t\t\t\t\t\t\t\t\t\t\t\t\t\t<\/div>\n\t\t\t\t<\/div>\n\t\t\t\t<\/div>\n\t\t<div class=\"elementor-element elementor-element-dc38585 e-con-full e-flex e-con e-child\" data-id=\"dc38585\" data-element_type=\"container\" data-e-type=\"container\">\n\t\t\t\t<div class=\"elementor-element elementor-element-c376592 elementor-widget-divider--view-line_text elementor-widget-divider--separator-type-pattern elementor-widget-divider--element-align-center elementor-widget elementor-widget-divider\" data-id=\"c376592\" data-element_type=\"widget\" data-e-type=\"widget\" data-widget_type=\"divider.default\">\n\t\t\t\t<div class=\"elementor-widget-container\">\n\t\t\t\t\t\t\t<div class=\"elementor-divider\" style=\"--divider-pattern-url: url(&quot;data:image\/svg+xml,%3Csvg xmlns=&#039;http:\/\/www.w3.org\/2000\/svg&#039; preserveAspectRatio=&#039;none&#039; overflow=&#039;visible&#039; height=&#039;100%&#039; viewBox=&#039;0 0 20 16&#039; fill=&#039;none&#039; stroke=&#039;black&#039; stroke-width=&#039;1&#039; stroke-linecap=&#039;square&#039; stroke-miterlimit=&#039;10&#039;%3E%3Cg transform=&#039;translate(-12.000000, 0)&#039;%3E%3Cpath d=&#039;M28,0L10,18&#039;\/%3E%3Cpath d=&#039;M18,0L0,18&#039;\/%3E%3Cpath d=&#039;M48,0L30,18&#039;\/%3E%3Cpath d=&#039;M38,0L20,18&#039;\/%3E%3C\/g%3E%3C\/svg%3E&quot;);\">\n\t\t\t<span class=\"elementor-divider-separator\">\n\t\t\t\t\t\t\t<h2 class=\"elementor-divider__text elementor-divider__element\">\n\t\t\t\tLediging van vetafscheiders\t\t\t\t<\/h2>\n\t\t\t\t\t\t<\/span>\n\t\t<\/div>\n\t\t\t\t\t\t<\/div>\n\t\t\t\t<\/div>\n\t\t\t\t<div class=\"elementor-element elementor-element-6d228ee elementor-widget elementor-widget-text-editor\" data-id=\"6d228ee\" data-element_type=\"widget\" data-e-type=\"widget\" data-widget_type=\"text-editor.default\">\n\t\t\t\t<div class=\"elementor-widget-container\">\n\t\t\t\t\t\t\t\t\t<p>Het goede onderhoud van de vetafscheiders is essentieel om de ophoping van vetresten te voorkomen die uw leidingen kunnen verstoppen en slechte geuren kunnen veroorzaken. Een regelmatige <strong>lediging<\/strong> helpt de effici\u00ebntie van het afvoersysteem te behouden en zorgt ervoor dat de <strong>sanitaire normen<\/strong> worden nageleefd.<\/p><p><strong>La Vidange Loiseau<\/strong> grijpt professioneel in om een <strong>volledige en effici\u00ebnte reiniging<\/strong> van uw vetafscheiders te garanderen. Dankzij gespecialiseerde apparatuur en een ervaren team wordt elke interventie met zorg uitgevoerd om <strong>verstoppingen<\/strong> en <strong>verontreiniging<\/strong> te voorkomen.<\/p><p>Behoefte aan een <strong>snelle en effici\u00ebnte service<\/strong>? Neem vandaag nog contact met ons op voor <strong>optimaal onderhoud<\/strong> van uw installaties en een interventie die is afgestemd op uw behoeften.<\/p>\t\t\t\t\t\t\t\t<\/div>\n\t\t\t\t<\/div>\n\t\t\t\t<div class=\"elementor-element elementor-element-ab9a080 elementor-mobile-align-center elementor-widget elementor-widget-button\" data-id=\"ab9a080\" data-element_type=\"widget\" data-e-type=\"widget\" data-widget_type=\"button.default\">\n\t\t\t\t<div class=\"elementor-widget-container\">\n\t\t\t\t\t\t\t\t\t<div class=\"elementor-button-wrapper\">\n\t\t\t\t\t<a class=\"elementor-button elementor-button-link elementor-size-sm\" href=\"https:\/\/lavidangeloiseau.be\/nl\/contact\/\">\n\t\t\t\t\t\t<span class=\"elementor-button-content-wrapper\">\n\t\t\t\t\t\t<span class=\"elementor-button-icon\">\n\t\t\t\t<i aria-hidden=\"true\" class=\"fas fa-arrow-right\"><\/i>\t\t\t<\/span>\n\t\t\t\t\t\t\t\t\t<span class=\"elementor-button-text\">Neem contact met ons op<\/span>\n\t\t\t\t\t<\/span>\n\t\t\t\t\t<\/a>\n\t\t\t\t<\/div>\n\t\t\t\t\t\t\t\t<\/div>\n\t\t\t\t<\/div>\n\t\t\t\t<\/div>\n\t\t\t\t\t<\/div>\n\t\t\t\t<\/div>\n\t\t<div class=\"elementor-element elementor-element-ca9d8c7 e-flex e-con-boxed e-con e-parent\" data-id=\"ca9d8c7\" data-element_type=\"container\" data-e-type=\"container\" data-settings=\"{&quot;background_background&quot;:&quot;classic&quot;}\">\n\t\t\t\t\t<div class=\"e-con-inner\">\n\t\t\t\t<div class=\"elementor-element elementor-element-12ca07c elementor-widget elementor-widget-heading\" data-id=\"12ca07c\" data-element_type=\"widget\" data-e-type=\"widget\" data-widget_type=\"heading.default\">\n\t\t\t\t<div class=\"elementor-widget-container\">\n\t\t\t\t\t<h2 class=\"elementor-heading-title elementor-size-default\">Neem contact met ons op voor een snelle en effici\u00ebnte interventie!\n<\/h2>\t\t\t\t<\/div>\n\t\t\t\t<\/div>\n\t\t\t\t<div class=\"elementor-element elementor-element-643f4d7 elementor-widget-divider--view-line elementor-widget elementor-widget-divider\" data-id=\"643f4d7\" data-element_type=\"widget\" data-e-type=\"widget\" data-widget_type=\"divider.default\">\n\t\t\t\t<div class=\"elementor-widget-container\">\n\t\t\t\t\t\t\t<div class=\"elementor-divider\">\n\t\t\t<span class=\"elementor-divider-separator\">\n\t\t\t\t\t\t<\/span>\n\t\t<\/div>\n\t\t\t\t\t\t<\/div>\n\t\t\t\t<\/div>\n\t\t\t\t<div class=\"elementor-element elementor-element-7898d81 elementor-widget elementor-widget-text-editor\" data-id=\"7898d81\" data-element_type=\"widget\" data-e-type=\"widget\" data-widget_type=\"text-editor.default\">\n\t\t\t\t<div class=\"elementor-widget-container\">\n\t\t\t\t\t\t\t\t\t<p class=\"translation-block\">Heeft u een <strong>noodservice voor lediging of ontstopping<\/strong> nodig? Zoekt u een ervaren team voor het onderhoud van uw installaties? <strong>La Vidange Loiseau<\/strong> is uw vertrouwde partner in <strong>Brussel<\/strong> en het <strong>Brabant Wallon<\/strong>.<\/p>\t\t\t\t\t\t\t\t<\/div>\n\t\t\t\t<\/div>\n\t\t<div class=\"elementor-element elementor-element-a413097 e-con-full e-flex e-con e-child\" data-id=\"a413097\" data-element_type=\"container\" data-e-type=\"container\">\n\t\t\t\t<div class=\"elementor-element elementor-element-29bd65e elementor-widget elementor-widget-button\" data-id=\"29bd65e\" data-element_type=\"widget\" data-e-type=\"widget\" data-widget_type=\"button.default\">\n\t\t\t\t<div class=\"elementor-widget-container\">\n\t\t\t\t\t\t\t\t\t<div class=\"elementor-button-wrapper\">\n\t\t\t\t\t<a class=\"elementor-button elementor-button-link elementor-size-sm\" href=\"tel:024102154\">\n\t\t\t\t\t\t<span class=\"elementor-button-content-wrapper\">\n\t\t\t\t\t\t\t\t\t<span class=\"elementor-button-text\">02 410 21 54<\/span>\n\t\t\t\t\t<\/span>\n\t\t\t\t\t<\/a>\n\t\t\t\t<\/div>\n\t\t\t\t\t\t\t\t<\/div>\n\t\t\t\t<\/div>\n\t\t\t\t<div class=\"elementor-element elementor-element-662cdfd elementor-widget elementor-widget-button\" data-id=\"662cdfd\" data-element_type=\"widget\" data-e-type=\"widget\" data-widget_type=\"button.default\">\n\t\t\t\t<div class=\"elementor-widget-container\">\n\t\t\t\t\t\t\t\t\t<div class=\"elementor-button-wrapper\">\n\t\t\t\t\t<a class=\"elementor-button elementor-button-link elementor-size-sm\" href=\"mailto:info@lavidangeloiseau.be\">\n\t\t\t\t\t\t<span class=\"elementor-button-content-wrapper\">\n\t\t\t\t\t\t\t\t\t<span class=\"elementor-button-text\"> info@lavidangeloiseau.be<\/span>\n\t\t\t\t\t<\/span>\n\t\t\t\t\t<\/a>\n\t\t\t\t<\/div>\n\t\t\t\t\t\t\t\t<\/div>\n\t\t\t\t<\/div>\n\t\t\t\t<\/div>\n\t\t\t\t\t<\/div>\n\t\t\t\t<\/div>\n\t\t<div class=\"elementor-element elementor-element-f6b239d e-flex e-con-boxed e-con e-parent\" data-id=\"f6b239d\" data-element_type=\"container\" data-e-type=\"container\" data-settings=\"{&quot;background_background&quot;:&quot;classic&quot;,&quot;shape_divider_bottom&quot;:&quot;triangle&quot;,&quot;shape_divider_bottom_negative&quot;:&quot;yes&quot;}\">\n\t\t\t\t\t<div class=\"e-con-inner\">\n\t\t\t\t<div class=\"elementor-shape elementor-shape-bottom\" aria-hidden=\"true\" data-negative=\"true\">\n\t\t\t<svg xmlns=\"http:\/\/www.w3.org\/2000\/svg\" viewbox=\"0 0 1000 100\" preserveaspectratio=\"none\">\n\t<path class=\"elementor-shape-fill\" d=\"M500.2,94.7L0,0v100h1000V0L500.2,94.7z\"\/>\n<\/svg>\t\t<\/div>\n\t\t<div class=\"elementor-element elementor-element-ef7be6c e-con-full e-flex e-con e-child\" data-id=\"ef7be6c\" data-element_type=\"container\" data-e-type=\"container\">\n\t\t\t\t<div class=\"elementor-element elementor-element-984e2d0 elementor-widget elementor-widget-heading\" data-id=\"984e2d0\" data-element_type=\"widget\" data-e-type=\"widget\" data-widget_type=\"heading.default\">\n\t\t\t\t<div class=\"elementor-widget-container\">\n\t\t\t\t\t<h2 class=\"elementor-heading-title elementor-size-default\">Lediging van vetafscheiders: professioneel onderhoud en reiniging\n<\/h2>\t\t\t\t<\/div>\n\t\t\t\t<\/div>\n\t\t\t\t<div class=\"elementor-element elementor-element-7c151e1 elementor-widget-divider--view-line elementor-widget elementor-widget-divider\" data-id=\"7c151e1\" data-element_type=\"widget\" data-e-type=\"widget\" data-widget_type=\"divider.default\">\n\t\t\t\t<div class=\"elementor-widget-container\">\n\t\t\t\t\t\t\t<div class=\"elementor-divider\">\n\t\t\t<span class=\"elementor-divider-separator\">\n\t\t\t\t\t\t<\/span>\n\t\t<\/div>\n\t\t\t\t\t\t<\/div>\n\t\t\t\t<\/div>\n\t\t\t\t<div class=\"elementor-element elementor-element-3d9f7bb elementor-widget elementor-widget-text-editor\" data-id=\"3d9f7bb\" data-element_type=\"widget\" data-e-type=\"widget\" data-widget_type=\"text-editor.default\">\n\t\t\t\t<div class=\"elementor-widget-container\">\n\t\t\t\t\t\t\t\t\t<p class=\"translation-block\">De vetafscheiders spelen een essenti\u00eble rol in de goede werking van het afvoersysteem door <strong>vetten en oli\u00ebn<\/strong> vast te houden voordat ze uw leidingen verstoppen. Om <strong>slechte geuren<\/strong> te voorkomen, <strong>verstoppingen<\/strong> te vermijden en de conformiteit van uw installatie te waarborgen, is <strong>regelmatige lediging<\/strong> essentieel.<\/p><p class=\"translation-block\">Al meer dan 60 jaar zorgt <strong>La Vidange Loiseau<\/strong> voor <strong>het pompen, reinigen en volledig onderhoud van vetafscheiders<\/strong>, of het nu gaat om <strong>restaurants, collectieve instellingen, voedingsindustrie of andere professionele instellingen<\/strong>. Onze ervaren technici grijpen in met geavanceerd materiaal voor een snelle afvoer en een <strong>grondige reiniging<\/strong> van uw vetafscheider.<\/p>\t\t\t\t\t\t\t\t<\/div>\n\t\t\t\t<\/div>\n\t\t\t\t<div class=\"elementor-element elementor-element-c7bd250 elementor-icon-list--layout-traditional elementor-list-item-link-full_width elementor-widget elementor-widget-icon-list\" data-id=\"c7bd250\" data-element_type=\"widget\" data-e-type=\"widget\" data-widget_type=\"icon-list.default\">\n\t\t\t\t<div class=\"elementor-widget-container\">\n\t\t\t\t\t\t\t<ul class=\"elementor-icon-list-items\">\n\t\t\t\t\t\t\t<li class=\"elementor-icon-list-item\">\n\t\t\t\t\t\t\t\t\t\t\t<span class=\"elementor-icon-list-icon\">\n\t\t\t\t\t\t\t<i aria-hidden=\"true\" class=\"fas fa-check\"><\/i>\t\t\t\t\t\t<\/span>\n\t\t\t\t\t\t\t\t\t\t<span class=\"elementor-icon-list-text\">Snelle en effici\u00ebnte service in <strong>Brussel<\/strong> en het <strong>Brabant Wallon<\/strong><\/span>\n\t\t\t\t\t\t\t\t\t<\/li>\n\t\t\t\t\t\t\t\t<li class=\"elementor-icon-list-item\">\n\t\t\t\t\t\t\t\t\t\t\t<span class=\"elementor-icon-list-icon\">\n\t\t\t\t\t\t\t<i aria-hidden=\"true\" class=\"fas fa-check\"><\/i>\t\t\t\t\t\t<\/span>\n\t\t\t\t\t\t\t\t\t\t<span class=\"elementor-icon-list-text\">Naleving van <strong>milieu-<\/strong> en <strong>sanitaire normen<\/strong><\/span>\n\t\t\t\t\t\t\t\t\t<\/li>\n\t\t\t\t\t\t\t\t<li class=\"elementor-icon-list-item\">\n\t\t\t\t\t\t\t\t\t\t\t<span class=\"elementor-icon-list-icon\">\n\t\t\t\t\t\t\t<i aria-hidden=\"true\" class=\"fas fa-check\"><\/i>\t\t\t\t\t\t<\/span>\n\t\t\t\t\t\t\t\t\t\t<span class=\"elementor-icon-list-text\">Gratis <strong>offerte<\/strong> en interventie op maat van uw <strong>behoeften<\/strong><\/span>\n\t\t\t\t\t\t\t\t\t<\/li>\n\t\t\t\t\t\t<\/ul>\n\t\t\t\t\t\t<\/div>\n\t\t\t\t<\/div>\n\t\t\t\t<\/div>\n\t\t\t\t\t<\/div>\n\t\t\t\t<\/div>\n\t\t\t\t<\/div>","protected":false},"excerpt":{"rendered":"<p>Vidange de d\u00e9graisseurs : un entretien essentiel pour vos installations La vidange de d\u00e9graisseurs est une op\u00e9ration indispensable pour garantir le bon fonctionnement des installations et \u00e9viter l\u2019accumulation de graisses, d\u2019huiles et de r\u00e9sidus alimentaires. Avec le temps, ces d\u00e9p\u00f4ts peuvent entra\u00eener des obstructions, des mauvaises odeurs et des dysfonctionnements au niveau des canalisations. La [&hellip;]<\/p>\n","protected":false},"author":1,"featured_media":2526,"parent":0,"menu_order":0,"comment_status":"closed","ping_status":"closed","template":"","meta":{"footnotes":""},"class_list":["post-1828","page","type-page","status-publish","has-post-thumbnail","hentry"],"_links":{"self":[{"href":"https:\/\/lavidangeloiseau.be\/nl\/wp-json\/wp\/v2\/pages\/1828","targetHints":{"allow":["GET"]}}],"collection":[{"href":"https:\/\/lavidangeloiseau.be\/nl\/wp-json\/wp\/v2\/pages"}],"about":[{"href":"https:\/\/lavidangeloiseau.be\/nl\/wp-json\/wp\/v2\/types\/page"}],"author":[{"embeddable":true,"href":"https:\/\/lavidangeloiseau.be\/nl\/wp-json\/wp\/v2\/users\/1"}],"replies":[{"embeddable":true,"href":"https:\/\/lavidangeloiseau.be\/nl\/wp-json\/wp\/v2\/comments?post=1828"}],"version-history":[{"count":36,"href":"https:\/\/lavidangeloiseau.be\/nl\/wp-json\/wp\/v2\/pages\/1828\/revisions"}],"predecessor-version":[{"id":2646,"href":"https:\/\/lavidangeloiseau.be\/nl\/wp-json\/wp\/v2\/pages\/1828\/revisions\/2646"}],"wp:featuredmedia":[{"embeddable":true,"href":"https:\/\/lavidangeloiseau.be\/nl\/wp-json\/wp\/v2\/media\/2526"}],"wp:attachment":[{"href":"https:\/\/lavidangeloiseau.be\/nl\/wp-json\/wp\/v2\/media?parent=1828"}],"curies":[{"name":"wp","href":"https:\/\/api.w.org\/{rel}","templated":true}]}}