{"id":1826,"date":"2025-01-16T17:42:27","date_gmt":"2025-01-16T16:42:27","guid":{"rendered":"https:\/\/lavidangeloiseau.myskydoowebsite.com\/?page_id=1826"},"modified":"2025-06-11T14:22:45","modified_gmt":"2025-06-11T12:22:45","slug":"separateurs-hydrocarbures","status":"publish","type":"page","link":"https:\/\/lavidangeloiseau.be\/nl\/separateurs-hydrocarbures\/","title":{"rendered":"Koolwaterstofafscheiders"},"content":{"rendered":"<div data-elementor-type=\"wp-page\" data-elementor-id=\"1826\" class=\"elementor elementor-1826\" data-elementor-post-type=\"page\">\n\t\t\t\t<div class=\"elementor-element elementor-element-a2e2383 e-flex e-con-boxed e-con e-parent\" data-id=\"a2e2383\" data-element_type=\"container\" data-e-type=\"container\" data-settings=\"{&quot;background_background&quot;:&quot;classic&quot;,&quot;shape_divider_bottom&quot;:&quot;triangle&quot;,&quot;shape_divider_bottom_negative&quot;:&quot;yes&quot;}\">\n\t\t\t\t\t<div class=\"e-con-inner\">\n\t\t\t\t<div class=\"elementor-shape elementor-shape-bottom\" aria-hidden=\"true\" data-negative=\"true\">\n\t\t\t<svg xmlns=\"http:\/\/www.w3.org\/2000\/svg\" viewbox=\"0 0 1000 100\" preserveaspectratio=\"none\">\n\t<path class=\"elementor-shape-fill\" d=\"M500.2,94.7L0,0v100h1000V0L500.2,94.7z\"\/>\n<\/svg>\t\t<\/div>\n\t\t\t\t<div class=\"elementor-element elementor-element-19e3f68 elementor-widget elementor-widget-heading\" data-id=\"19e3f68\" data-element_type=\"widget\" data-e-type=\"widget\" data-widget_type=\"heading.default\">\n\t\t\t\t<div class=\"elementor-widget-container\">\n\t\t\t\t\t<h1 class=\"elementor-heading-title elementor-size-default\">Hydrocarbure afscheiders: gespecialiseerde lediging en onderhoud\n<\/h1>\t\t\t\t<\/div>\n\t\t\t\t<\/div>\n\t\t\t\t<div class=\"elementor-element elementor-element-9697945 elementor-widget-divider--view-line elementor-widget elementor-widget-divider\" data-id=\"9697945\" data-element_type=\"widget\" data-e-type=\"widget\" data-widget_type=\"divider.default\">\n\t\t\t\t<div class=\"elementor-widget-container\">\n\t\t\t\t\t\t\t<div class=\"elementor-divider\">\n\t\t\t<span class=\"elementor-divider-separator\">\n\t\t\t\t\t\t<\/span>\n\t\t<\/div>\n\t\t\t\t\t\t<\/div>\n\t\t\t\t<\/div>\n\t\t\t\t<div class=\"elementor-element elementor-element-09980f0 elementor-widget elementor-widget-text-editor\" data-id=\"09980f0\" data-element_type=\"widget\" data-e-type=\"widget\" data-widget_type=\"text-editor.default\">\n\t\t\t\t<div class=\"elementor-widget-container\">\n\t\t\t\t\t\t\t\t\t<p class=\"translation-block\">De <strong>hydrocarbure afscheiders<\/strong> spelen een cruciale rol in de bescherming van het rioleringsnetwerk door olie en koolwaterstoffen vast te houden voordat ze het afvalwater verontreinigen. Na verloop van tijd raken deze apparaten vervuild en moeten ze regelmatig worden geledigd en onderhouden om hun effici\u00ebntie te waarborgen.<\/p><p class=\"translation-block\"><strong>La Vidange Loiseau<\/strong> grijpt professioneel in om het <strong>reiniging, de lediging en het onderhoud<\/strong> van uw <strong>hydrocarbure afscheiders<\/strong> te waarborgen. Dankzij geavanceerde apparatuur en geschikte technieken verwijdert ons team de opgehoopte resten, controleert de installatie en voorkomt storingen. Regelmatig onderhoud helpt de effici\u00ebntie van het systeem te behouden, het risico op vervuiling te vermijden en de naleving van de geldende milieunormen te garanderen.<\/p><p>Actief in Brussel, Waals-Brabant en Vlaams-Brabant, biedt het bedrijf snelle interventies die zijn aangepast aan de specifieke behoeften van elke klant. In geval van verstopping of een probleem met de werking, is ook een urgente tussenkomst mogelijk om de continu\u00efteit van uw activiteit te waarborgen. Neem vandaag nog contact met ons op om te profiteren van een betrouwbare en effici\u00ebnte service.<\/p>\t\t\t\t\t\t\t\t<\/div>\n\t\t\t\t<\/div>\n\t\t\t\t<div class=\"elementor-element elementor-element-fdea4cc elementor-align-center elementor-widget elementor-widget-button\" data-id=\"fdea4cc\" data-element_type=\"widget\" data-e-type=\"widget\" data-widget_type=\"button.default\">\n\t\t\t\t<div class=\"elementor-widget-container\">\n\t\t\t\t\t\t\t\t\t<div class=\"elementor-button-wrapper\">\n\t\t\t\t\t<a class=\"elementor-button elementor-button-link elementor-size-sm\" href=\"https:\/\/lavidangeloiseau.be\/nl\/contact\/\">\n\t\t\t\t\t\t<span class=\"elementor-button-content-wrapper\">\n\t\t\t\t\t\t<span class=\"elementor-button-icon\">\n\t\t\t\t<i aria-hidden=\"true\" class=\"fas fa-arrow-right\"><\/i>\t\t\t<\/span>\n\t\t\t\t\t\t\t\t\t<span class=\"elementor-button-text\">Neem contact met ons op<\/span>\n\t\t\t\t\t<\/span>\n\t\t\t\t\t<\/a>\n\t\t\t\t<\/div>\n\t\t\t\t\t\t\t\t<\/div>\n\t\t\t\t<\/div>\n\t\t\t\t\t<\/div>\n\t\t\t\t<\/div>\n\t\t<div class=\"elementor-element elementor-element-860ad8d e-flex e-con-boxed e-con e-parent\" data-id=\"860ad8d\" data-element_type=\"container\" data-e-type=\"container\">\n\t\t\t\t\t<div class=\"e-con-inner\">\n\t\t<div class=\"elementor-element elementor-element-352df1d e-con-full e-flex e-con e-child\" data-id=\"352df1d\" data-element_type=\"container\" data-e-type=\"container\" data-settings=\"{&quot;background_background&quot;:&quot;classic&quot;}\">\n\t\t\t\t<\/div>\n\t\t<div class=\"elementor-element elementor-element-733e438 e-con-full e-flex e-con e-child\" data-id=\"733e438\" data-element_type=\"container\" data-e-type=\"container\">\n\t\t\t\t<div class=\"elementor-element elementor-element-fa380d7 elementor-widget-divider--view-line_text elementor-widget-divider--separator-type-pattern elementor-widget-divider--element-align-center elementor-widget elementor-widget-divider\" data-id=\"fa380d7\" data-element_type=\"widget\" data-e-type=\"widget\" data-widget_type=\"divider.default\">\n\t\t\t\t<div class=\"elementor-widget-container\">\n\t\t\t\t\t\t\t<div class=\"elementor-divider\" style=\"--divider-pattern-url: url(&quot;data:image\/svg+xml,%3Csvg xmlns=&#039;http:\/\/www.w3.org\/2000\/svg&#039; preserveAspectRatio=&#039;none&#039; overflow=&#039;visible&#039; height=&#039;100%&#039; viewBox=&#039;0 0 20 16&#039; fill=&#039;none&#039; stroke=&#039;black&#039; stroke-width=&#039;1&#039; stroke-linecap=&#039;square&#039; stroke-miterlimit=&#039;10&#039;%3E%3Cg transform=&#039;translate(-12.000000, 0)&#039;%3E%3Cpath d=&#039;M28,0L10,18&#039;\/%3E%3Cpath d=&#039;M18,0L0,18&#039;\/%3E%3Cpath d=&#039;M48,0L30,18&#039;\/%3E%3Cpath d=&#039;M38,0L20,18&#039;\/%3E%3C\/g%3E%3C\/svg%3E&quot;);\">\n\t\t\t<span class=\"elementor-divider-separator\">\n\t\t\t\t\t\t\t<h2 class=\"elementor-divider__text elementor-divider__element\">\n\t\t\t\tLediging en onderhoud van hydrocarbure afscheiders\t\t\t\t<\/h2>\n\t\t\t\t\t\t<\/span>\n\t\t<\/div>\n\t\t\t\t\t\t<\/div>\n\t\t\t\t<\/div>\n\t\t\t\t<div class=\"elementor-element elementor-element-540bb5b elementor-widget elementor-widget-text-editor\" data-id=\"540bb5b\" data-element_type=\"widget\" data-e-type=\"widget\" data-widget_type=\"text-editor.default\">\n\t\t\t\t<div class=\"elementor-widget-container\">\n\t\t\t\t\t\t\t\t\t<p><strong>Hydrocarbure afscheiders<\/strong> zijn onmisbaar om de verontreiniging van afvalwater door olie en koolwaterstoffen te voorkomen. <strong>Regelmatig onderhoud<\/strong> is essentieel om hun goede werking te waarborgen en elk risico op vervuiling te voorkomen.<\/p><p class=\"translation-block\"><strong>La Vidange Loiseau<\/strong> stelt zijn expertise tot uw beschikking voor de <strong>lediging<\/strong>, het <strong>reiniging<\/strong> en de <strong>controle<\/strong> van uw <strong>hydrocarbure afscheiders<\/strong>. Dankzij geavanceerd materiaal en geschikte technieken grijpen onze teams effici\u00ebnt in om de opgehoopte resten te verwijderen en de naleving van de geldende <strong>milieunormen<\/strong> te waarborgen.<\/p><p>Actief in Brussel, Waals-Brabant en Vlaams-Brabant, bieden wij zowel eenmalige interventies als op maat gemaakte onderhoudscontracten aan om de levensduur en effici\u00ebntie van uw installaties te waarborgen. In geval van nood staan wij ook klaar voor snelle interventies.<\/p><p>Neem vandaag nog contact met ons op voor een <strong>offerte<\/strong> of een <strong>snelle interventie<\/strong>!<\/p>\t\t\t\t\t\t\t\t<\/div>\n\t\t\t\t<\/div>\n\t\t\t\t<div class=\"elementor-element elementor-element-2695491 elementor-mobile-align-center elementor-widget elementor-widget-button\" data-id=\"2695491\" data-element_type=\"widget\" data-e-type=\"widget\" data-widget_type=\"button.default\">\n\t\t\t\t<div class=\"elementor-widget-container\">\n\t\t\t\t\t\t\t\t\t<div class=\"elementor-button-wrapper\">\n\t\t\t\t\t<a class=\"elementor-button elementor-button-link elementor-size-sm\" href=\"https:\/\/lavidangeloiseau.be\/nl\/contact\/\">\n\t\t\t\t\t\t<span class=\"elementor-button-content-wrapper\">\n\t\t\t\t\t\t<span class=\"elementor-button-icon\">\n\t\t\t\t<i aria-hidden=\"true\" class=\"fas fa-arrow-right\"><\/i>\t\t\t<\/span>\n\t\t\t\t\t\t\t\t\t<span class=\"elementor-button-text\">Neem contact met ons op<\/span>\n\t\t\t\t\t<\/span>\n\t\t\t\t\t<\/a>\n\t\t\t\t<\/div>\n\t\t\t\t\t\t\t\t<\/div>\n\t\t\t\t<\/div>\n\t\t\t\t<\/div>\n\t\t\t\t\t<\/div>\n\t\t\t\t<\/div>\n\t\t<div class=\"elementor-element elementor-element-bbab495 e-flex e-con-boxed e-con e-parent\" data-id=\"bbab495\" data-element_type=\"container\" data-e-type=\"container\" data-settings=\"{&quot;background_background&quot;:&quot;classic&quot;}\">\n\t\t\t\t\t<div class=\"e-con-inner\">\n\t\t\t\t<div class=\"elementor-element elementor-element-415df7b elementor-widget elementor-widget-heading\" data-id=\"415df7b\" data-element_type=\"widget\" data-e-type=\"widget\" data-widget_type=\"heading.default\">\n\t\t\t\t<div class=\"elementor-widget-container\">\n\t\t\t\t\t<h2 class=\"elementor-heading-title elementor-size-default\">Een noodgeval? Behoefte aan een offerte?\n<\/h2>\t\t\t\t<\/div>\n\t\t\t\t<\/div>\n\t\t\t\t<div class=\"elementor-element elementor-element-171323d elementor-widget-divider--view-line elementor-widget elementor-widget-divider\" data-id=\"171323d\" data-element_type=\"widget\" data-e-type=\"widget\" data-widget_type=\"divider.default\">\n\t\t\t\t<div class=\"elementor-widget-container\">\n\t\t\t\t\t\t\t<div class=\"elementor-divider\">\n\t\t\t<span class=\"elementor-divider-separator\">\n\t\t\t\t\t\t<\/span>\n\t\t<\/div>\n\t\t\t\t\t\t<\/div>\n\t\t\t\t<\/div>\n\t\t\t\t<div class=\"elementor-element elementor-element-ca3ab13 elementor-widget elementor-widget-text-editor\" data-id=\"ca3ab13\" data-element_type=\"widget\" data-e-type=\"widget\" data-widget_type=\"text-editor.default\">\n\t\t\t\t<div class=\"elementor-widget-container\">\n\t\t\t\t\t\t\t\t\t<p><strong>La Vidange Loiseau<\/strong> staat tot uw beschikking om al uw verzoeken met betrekking tot <strong>lediging, ontstopping en onderhoud<\/strong> van uw leidingen en installaties te beantwoorden. Of het nu gaat om een <strong>snelle interventie<\/strong> of een <strong>regelmatig onderhoud<\/strong>, ons team garandeert een <strong>effici\u00ebnte en professionele service<\/strong>.<\/p>\t\t\t\t\t\t\t\t<\/div>\n\t\t\t\t<\/div>\n\t\t<div class=\"elementor-element elementor-element-5005551 e-con-full e-flex e-con e-child\" data-id=\"5005551\" data-element_type=\"container\" data-e-type=\"container\">\n\t\t\t\t<div class=\"elementor-element elementor-element-e40eaef elementor-widget elementor-widget-button\" data-id=\"e40eaef\" data-element_type=\"widget\" data-e-type=\"widget\" data-widget_type=\"button.default\">\n\t\t\t\t<div class=\"elementor-widget-container\">\n\t\t\t\t\t\t\t\t\t<div class=\"elementor-button-wrapper\">\n\t\t\t\t\t<a class=\"elementor-button elementor-button-link elementor-size-sm\" href=\"tel:024102154\">\n\t\t\t\t\t\t<span class=\"elementor-button-content-wrapper\">\n\t\t\t\t\t\t\t\t\t<span class=\"elementor-button-text\">02 410 21 54<\/span>\n\t\t\t\t\t<\/span>\n\t\t\t\t\t<\/a>\n\t\t\t\t<\/div>\n\t\t\t\t\t\t\t\t<\/div>\n\t\t\t\t<\/div>\n\t\t\t\t<div class=\"elementor-element elementor-element-aebcac3 elementor-widget elementor-widget-button\" data-id=\"aebcac3\" data-element_type=\"widget\" data-e-type=\"widget\" data-widget_type=\"button.default\">\n\t\t\t\t<div class=\"elementor-widget-container\">\n\t\t\t\t\t\t\t\t\t<div class=\"elementor-button-wrapper\">\n\t\t\t\t\t<a class=\"elementor-button elementor-button-link elementor-size-sm\" href=\"mailto:info@lavidangeloiseau.be\">\n\t\t\t\t\t\t<span class=\"elementor-button-content-wrapper\">\n\t\t\t\t\t\t\t\t\t<span class=\"elementor-button-text\"> info@lavidangeloiseau.be<\/span>\n\t\t\t\t\t<\/span>\n\t\t\t\t\t<\/a>\n\t\t\t\t<\/div>\n\t\t\t\t\t\t\t\t<\/div>\n\t\t\t\t<\/div>\n\t\t\t\t<\/div>\n\t\t\t\t\t<\/div>\n\t\t\t\t<\/div>\n\t\t<div class=\"elementor-element elementor-element-5e70db9 e-flex e-con-boxed e-con e-parent\" data-id=\"5e70db9\" data-element_type=\"container\" data-e-type=\"container\" data-settings=\"{&quot;background_background&quot;:&quot;classic&quot;,&quot;shape_divider_bottom&quot;:&quot;triangle&quot;,&quot;shape_divider_bottom_negative&quot;:&quot;yes&quot;}\">\n\t\t\t\t\t<div class=\"e-con-inner\">\n\t\t\t\t<div class=\"elementor-shape elementor-shape-bottom\" aria-hidden=\"true\" data-negative=\"true\">\n\t\t\t<svg xmlns=\"http:\/\/www.w3.org\/2000\/svg\" viewbox=\"0 0 1000 100\" preserveaspectratio=\"none\">\n\t<path class=\"elementor-shape-fill\" d=\"M500.2,94.7L0,0v100h1000V0L500.2,94.7z\"\/>\n<\/svg>\t\t<\/div>\n\t\t<div class=\"elementor-element elementor-element-3aa784b e-con-full e-flex e-con e-child\" data-id=\"3aa784b\" data-element_type=\"container\" data-e-type=\"container\">\n\t\t\t\t<div class=\"elementor-element elementor-element-5228de6 elementor-widget elementor-widget-heading\" data-id=\"5228de6\" data-element_type=\"widget\" data-e-type=\"widget\" data-widget_type=\"heading.default\">\n\t\t\t\t<div class=\"elementor-widget-container\">\n\t\t\t\t\t<h2 class=\"elementor-heading-title elementor-size-default\">Een professionele service die naar u luistert.\n<\/h2>\t\t\t\t<\/div>\n\t\t\t\t<\/div>\n\t\t\t\t<div class=\"elementor-element elementor-element-c1495d5 elementor-widget-divider--view-line elementor-widget elementor-widget-divider\" data-id=\"c1495d5\" data-element_type=\"widget\" data-e-type=\"widget\" data-widget_type=\"divider.default\">\n\t\t\t\t<div class=\"elementor-widget-container\">\n\t\t\t\t\t\t\t<div class=\"elementor-divider\">\n\t\t\t<span class=\"elementor-divider-separator\">\n\t\t\t\t\t\t<\/span>\n\t\t<\/div>\n\t\t\t\t\t\t<\/div>\n\t\t\t\t<\/div>\n\t\t\t\t<div class=\"elementor-element elementor-element-bcc1ce5 elementor-widget elementor-widget-text-editor\" data-id=\"bcc1ce5\" data-element_type=\"widget\" data-e-type=\"widget\" data-widget_type=\"text-editor.default\">\n\t\t\t\t<div class=\"elementor-widget-container\">\n\t\t\t\t\t\t\t\t\t<p class=\"translation-block\">Bij <strong>La Vidange Loiseau<\/strong> stellen wij onze expertise tot uw beschikking om u <strong>kwaliteitsdiensten<\/strong> te bieden die zijn afgestemd op uw behoeften. Dankzij onze <strong>vakbekwaamheid<\/strong> en <strong>reactiviteit<\/strong> grijpen wij snel in om de goede werking van uw installaties te garanderen.<\/p><p class=\"translation-block\">Onze inzet? <strong>Een grondige, effici\u00ebnte en duurzame service<\/strong>, uitgevoerd door gekwalificeerde en ervaren professionals. Wij adviseren en begeleiden u om een <strong>optimale tevredenheid<\/strong> te garanderen.<\/p><p>Behoefte aan informatie of een offerte? <strong>Neem vandaag nog contact met ons op!<\/strong><\/p>\t\t\t\t\t\t\t\t<\/div>\n\t\t\t\t<\/div>\n\t\t\t\t<\/div>\n\t\t\t\t\t<\/div>\n\t\t\t\t<\/div>\n\t\t\t\t<\/div>","protected":false},"excerpt":{"rendered":"<p>S\u00e9parateurs d\u2019hydrocarbures : vidange et entretien sp\u00e9cialis\u00e9s Les s\u00e9parateurs d\u2019hydrocarbures jouent un r\u00f4le essentiel dans la protection des r\u00e9seaux d\u2019assainissement en retenant les huiles et hydrocarbures avant qu\u2019ils ne contaminent les eaux us\u00e9es. Avec le temps, ces dispositifs s\u2019encrassent et doivent \u00eatre vidang\u00e9s et entretenus r\u00e9guli\u00e8rement pour garantir leur efficacit\u00e9. La Vidange Loiseau intervient avec [&hellip;]<\/p>\n","protected":false},"author":1,"featured_media":2542,"parent":0,"menu_order":0,"comment_status":"closed","ping_status":"closed","template":"","meta":{"footnotes":""},"class_list":["post-1826","page","type-page","status-publish","has-post-thumbnail","hentry"],"_links":{"self":[{"href":"https:\/\/lavidangeloiseau.be\/nl\/wp-json\/wp\/v2\/pages\/1826","targetHints":{"allow":["GET"]}}],"collection":[{"href":"https:\/\/lavidangeloiseau.be\/nl\/wp-json\/wp\/v2\/pages"}],"about":[{"href":"https:\/\/lavidangeloiseau.be\/nl\/wp-json\/wp\/v2\/types\/page"}],"author":[{"embeddable":true,"href":"https:\/\/lavidangeloiseau.be\/nl\/wp-json\/wp\/v2\/users\/1"}],"replies":[{"embeddable":true,"href":"https:\/\/lavidangeloiseau.be\/nl\/wp-json\/wp\/v2\/comments?post=1826"}],"version-history":[{"count":32,"href":"https:\/\/lavidangeloiseau.be\/nl\/wp-json\/wp\/v2\/pages\/1826\/revisions"}],"predecessor-version":[{"id":2640,"href":"https:\/\/lavidangeloiseau.be\/nl\/wp-json\/wp\/v2\/pages\/1826\/revisions\/2640"}],"wp:featuredmedia":[{"embeddable":true,"href":"https:\/\/lavidangeloiseau.be\/nl\/wp-json\/wp\/v2\/media\/2542"}],"wp:attachment":[{"href":"https:\/\/lavidangeloiseau.be\/nl\/wp-json\/wp\/v2\/media?parent=1826"}],"curies":[{"name":"wp","href":"https:\/\/api.w.org\/{rel}","templated":true}]}}