{"id":1775,"date":"2025-01-16T15:43:34","date_gmt":"2025-01-16T14:43:34","guid":{"rendered":"https:\/\/lavidangeloiseau.myskydoowebsite.com\/?page_id=1775"},"modified":"2025-06-11T13:56:46","modified_gmt":"2025-06-11T11:56:46","slug":"debouchage-evier","status":"publish","type":"page","link":"https:\/\/lavidangeloiseau.be\/nl\/debouchage-evier\/","title":{"rendered":"Gootsteen ontstoppen"},"content":{"rendered":"<div data-elementor-type=\"wp-page\" data-elementor-id=\"1775\" class=\"elementor elementor-1775\" data-elementor-post-type=\"page\">\n\t\t\t\t<div class=\"elementor-element elementor-element-80907a6 e-flex e-con-boxed e-con e-parent\" data-id=\"80907a6\" data-element_type=\"container\" data-e-type=\"container\" data-settings=\"{&quot;background_background&quot;:&quot;classic&quot;,&quot;shape_divider_bottom&quot;:&quot;triangle&quot;,&quot;shape_divider_bottom_negative&quot;:&quot;yes&quot;}\">\n\t\t\t\t\t<div class=\"e-con-inner\">\n\t\t\t\t<div class=\"elementor-shape elementor-shape-bottom\" aria-hidden=\"true\" data-negative=\"true\">\n\t\t\t<svg xmlns=\"http:\/\/www.w3.org\/2000\/svg\" viewbox=\"0 0 1000 100\" preserveaspectratio=\"none\">\n\t<path class=\"elementor-shape-fill\" d=\"M500.2,94.7L0,0v100h1000V0L500.2,94.7z\"\/>\n<\/svg>\t\t<\/div>\n\t\t\t\t<div class=\"elementor-element elementor-element-7644c63 elementor-widget elementor-widget-heading\" data-id=\"7644c63\" data-element_type=\"widget\" data-e-type=\"widget\" data-widget_type=\"heading.default\">\n\t\t\t\t<div class=\"elementor-widget-container\">\n\t\t\t\t\t<h1 class=\"elementor-heading-title elementor-size-default\">Uw gootsteen is verstopt? Doe een beroep op onze experts!\n<\/h1>\t\t\t\t<\/div>\n\t\t\t\t<\/div>\n\t\t\t\t<div class=\"elementor-element elementor-element-8490d6e elementor-widget-divider--view-line elementor-widget elementor-widget-divider\" data-id=\"8490d6e\" data-element_type=\"widget\" data-e-type=\"widget\" data-widget_type=\"divider.default\">\n\t\t\t\t<div class=\"elementor-widget-container\">\n\t\t\t\t\t\t\t<div class=\"elementor-divider\">\n\t\t\t<span class=\"elementor-divider-separator\">\n\t\t\t\t\t\t<\/span>\n\t\t<\/div>\n\t\t\t\t\t\t<\/div>\n\t\t\t\t<\/div>\n\t\t\t\t<div class=\"elementor-element elementor-element-87c876e elementor-widget elementor-widget-text-editor\" data-id=\"87c876e\" data-element_type=\"widget\" data-e-type=\"widget\" data-widget_type=\"text-editor.default\">\n\t\t\t\t<div class=\"elementor-widget-container\">\n\t\t\t\t\t\t\t\t\t<p>Een <strong>verstopte gootsteen<\/strong> kan snel een dagelijks probleem worden, met <strong>trage afvoer<\/strong>, <strong>slechte geuren<\/strong> en zelfs het risico op <strong>overstromingen<\/strong>. De ophoping van <strong>vet<\/strong>, <strong>etensresten<\/strong> en <strong>zeep<\/strong> is vaak de oorzaak van deze ongemakken. Om te voorkomen dat de situatie verergert, is een <strong>snelle en effici\u00ebnte interventie<\/strong> essentieel.<\/p><p><strong>Vidange Loiseau<\/strong> grijpt in in <strong>Brussel en het Brabant Wallon<\/strong> voor een grondige <strong>ontstopping van uw leidingen<\/strong>. Dankzij professionele apparatuur en <strong>geschikte technieken<\/strong> verwijderen wij elk type verstopping zonder uw installaties te beschadigen. Onze specialisten bieden u ook <strong>persoonlijk advies<\/strong> om toekomstige verstoppingen te voorkomen en de goede werking van uw leidingen te waarborgen.<\/p><p>Als uw gootsteen verstopt is en het water niet meer goed wegloopt, neem dan onmiddellijk contact op met ons team voor een <strong>snelle en effici\u00ebnte interventie<\/strong>.<\/p>\t\t\t\t\t\t\t\t<\/div>\n\t\t\t\t<\/div>\n\t\t\t\t<div class=\"elementor-element elementor-element-9755812 elementor-align-center elementor-widget elementor-widget-button\" data-id=\"9755812\" data-element_type=\"widget\" data-e-type=\"widget\" data-widget_type=\"button.default\">\n\t\t\t\t<div class=\"elementor-widget-container\">\n\t\t\t\t\t\t\t\t\t<div class=\"elementor-button-wrapper\">\n\t\t\t\t\t<a class=\"elementor-button elementor-button-link elementor-size-sm\" href=\"https:\/\/lavidangeloiseau.be\/nl\/contact\/\">\n\t\t\t\t\t\t<span class=\"elementor-button-content-wrapper\">\n\t\t\t\t\t\t<span class=\"elementor-button-icon\">\n\t\t\t\t<i aria-hidden=\"true\" class=\"fas fa-arrow-right\"><\/i>\t\t\t<\/span>\n\t\t\t\t\t\t\t\t\t<span class=\"elementor-button-text\">Neem contact met ons op<\/span>\n\t\t\t\t\t<\/span>\n\t\t\t\t\t<\/a>\n\t\t\t\t<\/div>\n\t\t\t\t\t\t\t\t<\/div>\n\t\t\t\t<\/div>\n\t\t\t\t\t<\/div>\n\t\t\t\t<\/div>\n\t\t<div class=\"elementor-element elementor-element-b07cf4b e-flex e-con-boxed e-con e-parent\" data-id=\"b07cf4b\" data-element_type=\"container\" data-e-type=\"container\">\n\t\t\t\t\t<div class=\"e-con-inner\">\n\t\t<div class=\"elementor-element elementor-element-2a62fe8 e-con-full e-flex e-con e-child\" data-id=\"2a62fe8\" data-element_type=\"container\" data-e-type=\"container\" data-settings=\"{&quot;background_background&quot;:&quot;classic&quot;}\">\n\t\t\t\t<\/div>\n\t\t<div class=\"elementor-element elementor-element-292fa16 e-con-full e-flex e-con e-child\" data-id=\"292fa16\" data-element_type=\"container\" data-e-type=\"container\">\n\t\t\t\t<div class=\"elementor-element elementor-element-2e039e5 elementor-widget-divider--view-line_text elementor-widget-divider--separator-type-pattern elementor-widget-divider--element-align-center elementor-widget elementor-widget-divider\" data-id=\"2e039e5\" data-element_type=\"widget\" data-e-type=\"widget\" data-widget_type=\"divider.default\">\n\t\t\t\t<div class=\"elementor-widget-container\">\n\t\t\t\t\t\t\t<div class=\"elementor-divider\" style=\"--divider-pattern-url: url(&quot;data:image\/svg+xml,%3Csvg xmlns=&#039;http:\/\/www.w3.org\/2000\/svg&#039; preserveAspectRatio=&#039;none&#039; overflow=&#039;visible&#039; height=&#039;100%&#039; viewBox=&#039;0 0 20 16&#039; fill=&#039;none&#039; stroke=&#039;black&#039; stroke-width=&#039;1&#039; stroke-linecap=&#039;square&#039; stroke-miterlimit=&#039;10&#039;%3E%3Cg transform=&#039;translate(-12.000000, 0)&#039;%3E%3Cpath d=&#039;M28,0L10,18&#039;\/%3E%3Cpath d=&#039;M18,0L0,18&#039;\/%3E%3Cpath d=&#039;M48,0L30,18&#039;\/%3E%3Cpath d=&#039;M38,0L20,18&#039;\/%3E%3C\/g%3E%3C\/svg%3E&quot;);\">\n\t\t\t<span class=\"elementor-divider-separator\">\n\t\t\t\t\t\t\t<h2 class=\"elementor-divider__text elementor-divider__element\">\n\t\t\t\tSnelle en effici\u00ebnte ontstopping van gootsteen\t\t\t\t<\/h2>\n\t\t\t\t\t\t<\/span>\n\t\t<\/div>\n\t\t\t\t\t\t<\/div>\n\t\t\t\t<\/div>\n\t\t\t\t<div class=\"elementor-element elementor-element-bf11017 elementor-widget elementor-widget-text-editor\" data-id=\"bf11017\" data-element_type=\"widget\" data-e-type=\"widget\" data-widget_type=\"text-editor.default\">\n\t\t\t\t<div class=\"elementor-widget-container\">\n\t\t\t\t\t\t\t\t\t<p>Loopt uw <strong>gootsteen<\/strong> niet meer goed leeg? Komen er <strong>slechte geuren<\/strong> uit uw leiding? Deze tekenen wijzen vaak op een <strong>verstopping<\/strong> veroorzaakt door de ophoping van <strong>vet<\/strong>, <strong>etensresten<\/strong> of <strong>zeepresten<\/strong>. Als het water stagneert of langzaam wegloopt, is het essentieel om snel in te grijpen om een <strong>volledige verstopping<\/strong> en grotere schade aan uw leidingen te voorkomen.<\/p><p><strong>Vidange Loiseau<\/strong> stelt zijn expertise tot uw dienst voor een <strong>snelle en duurzame ontstopping<\/strong> van uw gootsteen. Dankzij krachtige apparatuur en professionele technieken verwijderen onze experts verstoppingen grondig, zonder risico voor uw installaties. Wij grijpen effici\u00ebnt in in <strong>Brussel en het Brabant Wallon<\/strong>, met een <strong>zorgvuldige en snelle service<\/strong>.<\/p><p>Laat een verstopte gootsteen uw dagelijks leven niet verstoren! Neem nu contact op met <strong>Vidange Loiseau<\/strong> voor een <strong>snelle interventie<\/strong> en een <strong>kwaliteitsservice<\/strong>.<\/p>\t\t\t\t\t\t\t\t<\/div>\n\t\t\t\t<\/div>\n\t\t\t\t<div class=\"elementor-element elementor-element-2dabe97 elementor-mobile-align-center elementor-widget elementor-widget-button\" data-id=\"2dabe97\" data-element_type=\"widget\" data-e-type=\"widget\" data-widget_type=\"button.default\">\n\t\t\t\t<div class=\"elementor-widget-container\">\n\t\t\t\t\t\t\t\t\t<div class=\"elementor-button-wrapper\">\n\t\t\t\t\t<a class=\"elementor-button elementor-button-link elementor-size-sm\" href=\"https:\/\/lavidangeloiseau.be\/nl\/contact\/\">\n\t\t\t\t\t\t<span class=\"elementor-button-content-wrapper\">\n\t\t\t\t\t\t<span class=\"elementor-button-icon\">\n\t\t\t\t<i aria-hidden=\"true\" class=\"fas fa-arrow-right\"><\/i>\t\t\t<\/span>\n\t\t\t\t\t\t\t\t\t<span class=\"elementor-button-text\">Neem contact met ons op<\/span>\n\t\t\t\t\t<\/span>\n\t\t\t\t\t<\/a>\n\t\t\t\t<\/div>\n\t\t\t\t\t\t\t\t<\/div>\n\t\t\t\t<\/div>\n\t\t\t\t<\/div>\n\t\t\t\t\t<\/div>\n\t\t\t\t<\/div>\n\t\t<div class=\"elementor-element elementor-element-785cebc e-flex e-con-boxed e-con e-parent\" data-id=\"785cebc\" data-element_type=\"container\" data-e-type=\"container\" data-settings=\"{&quot;background_background&quot;:&quot;classic&quot;}\">\n\t\t\t\t\t<div class=\"e-con-inner\">\n\t\t\t\t<div class=\"elementor-element elementor-element-622b70b elementor-widget elementor-widget-heading\" data-id=\"622b70b\" data-element_type=\"widget\" data-e-type=\"widget\" data-widget_type=\"heading.default\">\n\t\t\t\t<div class=\"elementor-widget-container\">\n\t\t\t\t\t<h2 class=\"elementor-heading-title elementor-size-default\">Benodigd een snelle interventie?\n<\/h2>\t\t\t\t<\/div>\n\t\t\t\t<\/div>\n\t\t\t\t<div class=\"elementor-element elementor-element-dcf3458 elementor-widget-divider--view-line elementor-widget elementor-widget-divider\" data-id=\"dcf3458\" data-element_type=\"widget\" data-e-type=\"widget\" data-widget_type=\"divider.default\">\n\t\t\t\t<div class=\"elementor-widget-container\">\n\t\t\t\t\t\t\t<div class=\"elementor-divider\">\n\t\t\t<span class=\"elementor-divider-separator\">\n\t\t\t\t\t\t<\/span>\n\t\t<\/div>\n\t\t\t\t\t\t<\/div>\n\t\t\t\t<\/div>\n\t\t\t\t<div class=\"elementor-element elementor-element-76c18d9 elementor-widget elementor-widget-text-editor\" data-id=\"76c18d9\" data-element_type=\"widget\" data-e-type=\"widget\" data-widget_type=\"text-editor.default\">\n\t\t\t\t<div class=\"elementor-widget-container\">\n\t\t\t\t\t\t\t\t\t<p>Een verstopte gootsteen, verstopte wc of een septische put die geleegd moet worden? <strong>Vidange Loiseau<\/strong> is uw betrouwbare partner voor een <strong>effici\u00ebnte en professionele service<\/strong> in <strong>Brussel en het Brabant Wallon<\/strong>.<\/p>\t\t\t\t\t\t\t\t<\/div>\n\t\t\t\t<\/div>\n\t\t<div class=\"elementor-element elementor-element-d1935ef e-con-full e-flex e-con e-child\" data-id=\"d1935ef\" data-element_type=\"container\" data-e-type=\"container\">\n\t\t\t\t<div class=\"elementor-element elementor-element-75e2f1a elementor-widget elementor-widget-button\" data-id=\"75e2f1a\" data-element_type=\"widget\" data-e-type=\"widget\" data-widget_type=\"button.default\">\n\t\t\t\t<div class=\"elementor-widget-container\">\n\t\t\t\t\t\t\t\t\t<div class=\"elementor-button-wrapper\">\n\t\t\t\t\t<a class=\"elementor-button elementor-button-link elementor-size-sm\" href=\"tel:024102154\">\n\t\t\t\t\t\t<span class=\"elementor-button-content-wrapper\">\n\t\t\t\t\t\t\t\t\t<span class=\"elementor-button-text\">02 410 21 54<\/span>\n\t\t\t\t\t<\/span>\n\t\t\t\t\t<\/a>\n\t\t\t\t<\/div>\n\t\t\t\t\t\t\t\t<\/div>\n\t\t\t\t<\/div>\n\t\t\t\t<div class=\"elementor-element elementor-element-a9808c1 elementor-widget elementor-widget-button\" data-id=\"a9808c1\" data-element_type=\"widget\" data-e-type=\"widget\" data-widget_type=\"button.default\">\n\t\t\t\t<div class=\"elementor-widget-container\">\n\t\t\t\t\t\t\t\t\t<div class=\"elementor-button-wrapper\">\n\t\t\t\t\t<a class=\"elementor-button elementor-button-link elementor-size-sm\" href=\"mailto:info@lavidangeloiseau.be\">\n\t\t\t\t\t\t<span class=\"elementor-button-content-wrapper\">\n\t\t\t\t\t\t\t\t\t<span class=\"elementor-button-text\"> info@lavidangeloiseau.be<\/span>\n\t\t\t\t\t<\/span>\n\t\t\t\t\t<\/a>\n\t\t\t\t<\/div>\n\t\t\t\t\t\t\t\t<\/div>\n\t\t\t\t<\/div>\n\t\t\t\t<\/div>\n\t\t\t\t\t<\/div>\n\t\t\t\t<\/div>\n\t\t<div class=\"elementor-element elementor-element-a732dcc e-flex e-con-boxed e-con e-parent\" data-id=\"a732dcc\" data-element_type=\"container\" data-e-type=\"container\" data-settings=\"{&quot;background_background&quot;:&quot;classic&quot;,&quot;shape_divider_bottom&quot;:&quot;triangle&quot;,&quot;shape_divider_bottom_negative&quot;:&quot;yes&quot;}\">\n\t\t\t\t\t<div class=\"e-con-inner\">\n\t\t\t\t<div class=\"elementor-shape elementor-shape-bottom\" aria-hidden=\"true\" data-negative=\"true\">\n\t\t\t<svg xmlns=\"http:\/\/www.w3.org\/2000\/svg\" viewbox=\"0 0 1000 100\" preserveaspectratio=\"none\">\n\t<path class=\"elementor-shape-fill\" d=\"M500.2,94.7L0,0v100h1000V0L500.2,94.7z\"\/>\n<\/svg>\t\t<\/div>\n\t\t<div class=\"elementor-element elementor-element-997190a e-con-full e-flex e-con e-child\" data-id=\"997190a\" data-element_type=\"container\" data-e-type=\"container\">\n\t\t\t\t<div class=\"elementor-element elementor-element-a853232 elementor-widget elementor-widget-heading\" data-id=\"a853232\" data-element_type=\"widget\" data-e-type=\"widget\" data-widget_type=\"heading.default\">\n\t\t\t\t<div class=\"elementor-widget-container\">\n\t\t\t\t\t<h2 class=\"elementor-heading-title elementor-size-default\">Ontstopping van gootstenen in Brussel en het Brabant Wallon\n<\/h2>\t\t\t\t<\/div>\n\t\t\t\t<\/div>\n\t\t\t\t<div class=\"elementor-element elementor-element-9b2f715 elementor-widget-divider--view-line elementor-widget elementor-widget-divider\" data-id=\"9b2f715\" data-element_type=\"widget\" data-e-type=\"widget\" data-widget_type=\"divider.default\">\n\t\t\t\t<div class=\"elementor-widget-container\">\n\t\t\t\t\t\t\t<div class=\"elementor-divider\">\n\t\t\t<span class=\"elementor-divider-separator\">\n\t\t\t\t\t\t<\/span>\n\t\t<\/div>\n\t\t\t\t\t\t<\/div>\n\t\t\t\t<\/div>\n\t\t\t\t<div class=\"elementor-element elementor-element-ddf3f7d elementor-widget elementor-widget-text-editor\" data-id=\"ddf3f7d\" data-element_type=\"widget\" data-e-type=\"widget\" data-widget_type=\"text-editor.default\">\n\t\t\t\t<div class=\"elementor-widget-container\">\n\t\t\t\t\t\t\t\t\t<p>Loopt het water van uw <strong>gootsteen<\/strong> moeilijk weg, of komt er een <strong>slechte geur<\/strong> uit uw leiding? Deze tekenen wijzen vaak op een <strong>verstopping<\/strong> die na verloop van tijd erger kan worden. Om ongemakken te voorkomen en een <strong>optimale afvoer<\/strong> te herstellen, is het essentieel om snel in te grijpen.<\/p><p><strong>La Vidange Loiseau<\/strong> stelt een gekwalificeerd team tot uw beschikking voor een <strong>effici\u00ebnte ontstopping<\/strong> van uw gootsteen. Dankzij professioneel materiaal en geschikte technieken verwijderen wij verstoppingen zonder uw installaties te beschadigen. Of het nu gaat om een ophoping van <strong>vet<\/strong>, <strong>etensresten<\/strong> of <strong>kalkaanslag<\/strong>, wij hebben de oplossing die u nodig heeft.<\/p><p>Onze <strong>snelle en zorgvuldige interventie<\/strong> garandeert een <strong>betrouwbare en duurzame service<\/strong>. Wij werken in heel Brussel en het Brabant Wallon, waarbij we een effici\u00ebnte aanpak bieden voor het herstellen van uw comfort.<\/p><p><strong>Behoefte aan een ontstopping van uw gootsteen? Neem nu contact op met onze experts!<\/strong><\/p>\t\t\t\t\t\t\t\t<\/div>\n\t\t\t\t<\/div>\n\t\t\t\t<\/div>\n\t\t\t\t\t<\/div>\n\t\t\t\t<\/div>\n\t\t\t\t<\/div>","protected":false},"excerpt":{"rendered":"<p>Votre \u00e9vier est bouch\u00e9 ? Faites appel \u00e0 nos experts ! Un \u00e9vier bouch\u00e9 peut rapidement devenir un probl\u00e8me au quotidien, provoquant des \u00e9coulements lents, des remont\u00e9es d\u2019odeurs d\u00e9sagr\u00e9ables et m\u00eame des risques de d\u00e9bordement. L\u2019accumulation de graisses, de r\u00e9sidus alimentaires et de savon est souvent \u00e0 l\u2019origine de ces d\u00e9sagr\u00e9ments. Pour \u00e9viter que la [&hellip;]<\/p>\n","protected":false},"author":1,"featured_media":1850,"parent":0,"menu_order":0,"comment_status":"closed","ping_status":"closed","template":"","meta":{"footnotes":""},"class_list":["post-1775","page","type-page","status-publish","has-post-thumbnail","hentry"],"_links":{"self":[{"href":"https:\/\/lavidangeloiseau.be\/nl\/wp-json\/wp\/v2\/pages\/1775","targetHints":{"allow":["GET"]}}],"collection":[{"href":"https:\/\/lavidangeloiseau.be\/nl\/wp-json\/wp\/v2\/pages"}],"about":[{"href":"https:\/\/lavidangeloiseau.be\/nl\/wp-json\/wp\/v2\/types\/page"}],"author":[{"embeddable":true,"href":"https:\/\/lavidangeloiseau.be\/nl\/wp-json\/wp\/v2\/users\/1"}],"replies":[{"embeddable":true,"href":"https:\/\/lavidangeloiseau.be\/nl\/wp-json\/wp\/v2\/comments?post=1775"}],"version-history":[{"count":23,"href":"https:\/\/lavidangeloiseau.be\/nl\/wp-json\/wp\/v2\/pages\/1775\/revisions"}],"predecessor-version":[{"id":2621,"href":"https:\/\/lavidangeloiseau.be\/nl\/wp-json\/wp\/v2\/pages\/1775\/revisions\/2621"}],"wp:featuredmedia":[{"embeddable":true,"href":"https:\/\/lavidangeloiseau.be\/nl\/wp-json\/wp\/v2\/media\/1850"}],"wp:attachment":[{"href":"https:\/\/lavidangeloiseau.be\/nl\/wp-json\/wp\/v2\/media?parent=1775"}],"curies":[{"name":"wp","href":"https:\/\/api.w.org\/{rel}","templated":true}]}}