{"id":1770,"date":"2025-01-16T15:42:44","date_gmt":"2025-01-16T14:42:44","guid":{"rendered":"https:\/\/lavidangeloiseau.myskydoowebsite.com\/?page_id=1770"},"modified":"2025-06-11T14:01:05","modified_gmt":"2025-06-11T12:01:05","slug":"debouchage-toilettes","status":"publish","type":"page","link":"https:\/\/lavidangeloiseau.be\/nl\/debouchage-toilettes\/","title":{"rendered":"Toiletten ontstoppen"},"content":{"rendered":"<div data-elementor-type=\"wp-page\" data-elementor-id=\"1770\" class=\"elementor elementor-1770\" data-elementor-post-type=\"page\">\n\t\t\t\t<div class=\"elementor-element elementor-element-1de698d e-flex e-con-boxed e-con e-parent\" data-id=\"1de698d\" data-element_type=\"container\" data-e-type=\"container\" data-settings=\"{&quot;background_background&quot;:&quot;classic&quot;,&quot;shape_divider_bottom&quot;:&quot;triangle&quot;,&quot;shape_divider_bottom_negative&quot;:&quot;yes&quot;}\">\n\t\t\t\t\t<div class=\"e-con-inner\">\n\t\t\t\t<div class=\"elementor-shape elementor-shape-bottom\" aria-hidden=\"true\" data-negative=\"true\">\n\t\t\t<svg xmlns=\"http:\/\/www.w3.org\/2000\/svg\" viewbox=\"0 0 1000 100\" preserveaspectratio=\"none\">\n\t<path class=\"elementor-shape-fill\" d=\"M500.2,94.7L0,0v100h1000V0L500.2,94.7z\"\/>\n<\/svg>\t\t<\/div>\n\t\t\t\t<div class=\"elementor-element elementor-element-0040a7f elementor-widget elementor-widget-heading\" data-id=\"0040a7f\" data-element_type=\"widget\" data-e-type=\"widget\" data-widget_type=\"heading.default\">\n\t\t\t\t<div class=\"elementor-widget-container\">\n\t\t\t\t\t<h1 class=\"elementor-heading-title elementor-size-default\">Verstopte wc? Wij grijpen snel in!\n<\/h1>\t\t\t\t<\/div>\n\t\t\t\t<\/div>\n\t\t\t\t<div class=\"elementor-element elementor-element-698b24e elementor-widget-divider--view-line elementor-widget elementor-widget-divider\" data-id=\"698b24e\" data-element_type=\"widget\" data-e-type=\"widget\" data-widget_type=\"divider.default\">\n\t\t\t\t<div class=\"elementor-widget-container\">\n\t\t\t\t\t\t\t<div class=\"elementor-divider\">\n\t\t\t<span class=\"elementor-divider-separator\">\n\t\t\t\t\t\t<\/span>\n\t\t<\/div>\n\t\t\t\t\t\t<\/div>\n\t\t\t\t<\/div>\n\t\t\t\t<div class=\"elementor-element elementor-element-8ef98fc elementor-widget elementor-widget-text-editor\" data-id=\"8ef98fc\" data-element_type=\"widget\" data-e-type=\"widget\" data-widget_type=\"text-editor.default\">\n\t\t\t\t<div class=\"elementor-widget-container\">\n\t\t\t\t\t\t\t\t\t<p class=\"translation-block\">Een probleem met verstopte toiletten kan snel een <strong>groot ongemak<\/strong> worden. <strong>Vidange Loiseau<\/strong> zorgt voor een snelle en effici\u00ebnte interventie om de goede werking van uw sanitaire voorzieningen te herstellen.<\/p><p class=\"translation-block\">Of het nu gaat om een <strong>gedeeltelijke of totale verstopping<\/strong>, wij gebruiken professionele apparatuur om uw <strong>toilet te ontstoppen zonder schade<\/strong> te veroorzaken.<\/p><p><strong>Behoefte aan een dringende reparatie? Neem nu contact met ons op voor een <strong>snelle interventie<\/strong>!<\/strong><\/p>\t\t\t\t\t\t\t\t<\/div>\n\t\t\t\t<\/div>\n\t\t\t\t<div class=\"elementor-element elementor-element-43bdeb4 elementor-align-center elementor-widget elementor-widget-button\" data-id=\"43bdeb4\" data-element_type=\"widget\" data-e-type=\"widget\" data-widget_type=\"button.default\">\n\t\t\t\t<div class=\"elementor-widget-container\">\n\t\t\t\t\t\t\t\t\t<div class=\"elementor-button-wrapper\">\n\t\t\t\t\t<a class=\"elementor-button elementor-button-link elementor-size-sm\" href=\"https:\/\/lavidangeloiseau.be\/nl\/contact\/\">\n\t\t\t\t\t\t<span class=\"elementor-button-content-wrapper\">\n\t\t\t\t\t\t<span class=\"elementor-button-icon\">\n\t\t\t\t<i aria-hidden=\"true\" class=\"fas fa-arrow-right\"><\/i>\t\t\t<\/span>\n\t\t\t\t\t\t\t\t\t<span class=\"elementor-button-text\">Neem contact met ons op<\/span>\n\t\t\t\t\t<\/span>\n\t\t\t\t\t<\/a>\n\t\t\t\t<\/div>\n\t\t\t\t\t\t\t\t<\/div>\n\t\t\t\t<\/div>\n\t\t\t\t\t<\/div>\n\t\t\t\t<\/div>\n\t\t<div class=\"elementor-element elementor-element-9bc0324 e-flex e-con-boxed e-con e-parent\" data-id=\"9bc0324\" data-element_type=\"container\" data-e-type=\"container\">\n\t\t\t\t\t<div class=\"e-con-inner\">\n\t\t<div class=\"elementor-element elementor-element-8550a4f e-con-full e-flex e-con e-child\" data-id=\"8550a4f\" data-element_type=\"container\" data-e-type=\"container\" data-settings=\"{&quot;background_background&quot;:&quot;classic&quot;}\">\n\t\t\t\t<\/div>\n\t\t<div class=\"elementor-element elementor-element-c8b037a e-con-full e-flex e-con e-child\" data-id=\"c8b037a\" data-element_type=\"container\" data-e-type=\"container\">\n\t\t\t\t<div class=\"elementor-element elementor-element-b8c691e elementor-widget-divider--view-line_text elementor-widget-divider--separator-type-pattern elementor-widget-divider--element-align-center elementor-widget elementor-widget-divider\" data-id=\"b8c691e\" data-element_type=\"widget\" data-e-type=\"widget\" data-widget_type=\"divider.default\">\n\t\t\t\t<div class=\"elementor-widget-container\">\n\t\t\t\t\t\t\t<div class=\"elementor-divider\" style=\"--divider-pattern-url: url(&quot;data:image\/svg+xml,%3Csvg xmlns=&#039;http:\/\/www.w3.org\/2000\/svg&#039; preserveAspectRatio=&#039;none&#039; overflow=&#039;visible&#039; height=&#039;100%&#039; viewBox=&#039;0 0 20 16&#039; fill=&#039;none&#039; stroke=&#039;black&#039; stroke-width=&#039;1&#039; stroke-linecap=&#039;square&#039; stroke-miterlimit=&#039;10&#039;%3E%3Cg transform=&#039;translate(-12.000000, 0)&#039;%3E%3Cpath d=&#039;M28,0L10,18&#039;\/%3E%3Cpath d=&#039;M18,0L0,18&#039;\/%3E%3Cpath d=&#039;M48,0L30,18&#039;\/%3E%3Cpath d=&#039;M38,0L20,18&#039;\/%3E%3C\/g%3E%3C\/svg%3E&quot;);\">\n\t\t\t<span class=\"elementor-divider-separator\">\n\t\t\t\t\t\t\t<h2 class=\"elementor-divider__text elementor-divider__element\">\n\t\t\t\tSnelle en effici\u00ebnte ontstopping van uw leidingen en toiletten\t\t\t\t<\/h2>\n\t\t\t\t\t\t<\/span>\n\t\t<\/div>\n\t\t\t\t\t\t<\/div>\n\t\t\t\t<\/div>\n\t\t\t\t<div class=\"elementor-element elementor-element-2dd352b elementor-widget elementor-widget-text-editor\" data-id=\"2dd352b\" data-element_type=\"widget\" data-e-type=\"widget\" data-widget_type=\"text-editor.default\">\n\t\t\t\t<div class=\"elementor-widget-container\">\n\t\t\t\t\t\t\t\t\t<p>Een <strong>verstopte leiding<\/strong>, een <strong>toilet dat terugstroomt<\/strong> of een <strong>abnormaal trage waterafvoer<\/strong>? Deze problemen kunnen snel <strong>ongemakken<\/strong> en <strong>aanzienlijke schade<\/strong> veroorzaken als er niet op tijd wordt ingegrepen.<\/p><p class=\"translation-block\">Bij <strong>Vidange Loiseau<\/strong> stellen wij onze expertise en professionele apparatuur tot uw beschikking om een <strong>effici\u00ebnte en duurzame ontstopping<\/strong> te garanderen. Wij grijpen snel in in <strong>Brussel en het Brabant Wallon<\/strong> om uw afvoerproblemen op te lossen, of het nu gaat om een simpele verstopping of een complexer probleem met uw leidingen.<\/p><p class=\"translation-block\">Onze gespecialiseerde technici gebruiken <strong>gepaste en niet-destructieve technieken<\/strong> om verstoppingen te verwijderen zonder uw installaties te beschadigen. Dankzij ons krachtige materiaal identificeren we de oorzaak van het probleem en bieden de meest geschikte oplossing om een optimaal functioneren van uw <strong>sanitair netwerk<\/strong> te garanderen.<\/p><p><strong>Laat een verstopping uw dagelijks leven niet verstoren. Neem nu contact met ons op voor een <strong>snelle en professionele interventie<\/strong>!<\/strong><\/p>\t\t\t\t\t\t\t\t<\/div>\n\t\t\t\t<\/div>\n\t\t\t\t<div class=\"elementor-element elementor-element-08223f3 elementor-mobile-align-center elementor-widget elementor-widget-button\" data-id=\"08223f3\" data-element_type=\"widget\" data-e-type=\"widget\" data-widget_type=\"button.default\">\n\t\t\t\t<div class=\"elementor-widget-container\">\n\t\t\t\t\t\t\t\t\t<div class=\"elementor-button-wrapper\">\n\t\t\t\t\t<a class=\"elementor-button elementor-button-link elementor-size-sm\" href=\"https:\/\/lavidangeloiseau.be\/nl\/contact\/\">\n\t\t\t\t\t\t<span class=\"elementor-button-content-wrapper\">\n\t\t\t\t\t\t<span class=\"elementor-button-icon\">\n\t\t\t\t<i aria-hidden=\"true\" class=\"fas fa-arrow-right\"><\/i>\t\t\t<\/span>\n\t\t\t\t\t\t\t\t\t<span class=\"elementor-button-text\">Neem contact met ons op<\/span>\n\t\t\t\t\t<\/span>\n\t\t\t\t\t<\/a>\n\t\t\t\t<\/div>\n\t\t\t\t\t\t\t\t<\/div>\n\t\t\t\t<\/div>\n\t\t\t\t<\/div>\n\t\t\t\t\t<\/div>\n\t\t\t\t<\/div>\n\t\t<div class=\"elementor-element elementor-element-5bf46c3 e-flex e-con-boxed e-con e-parent\" data-id=\"5bf46c3\" data-element_type=\"container\" data-e-type=\"container\" data-settings=\"{&quot;background_background&quot;:&quot;classic&quot;}\">\n\t\t\t\t\t<div class=\"e-con-inner\">\n\t\t\t\t<div class=\"elementor-element elementor-element-11ac8b3 elementor-widget elementor-widget-heading\" data-id=\"11ac8b3\" data-element_type=\"widget\" data-e-type=\"widget\" data-widget_type=\"heading.default\">\n\t\t\t\t<div class=\"elementor-widget-container\">\n\t\t\t\t\t<h2 class=\"elementor-heading-title elementor-size-default\">Benodigd een snelle interventie?\n<\/h2>\t\t\t\t<\/div>\n\t\t\t\t<\/div>\n\t\t\t\t<div class=\"elementor-element elementor-element-4b6c300 elementor-widget-divider--view-line elementor-widget elementor-widget-divider\" data-id=\"4b6c300\" data-element_type=\"widget\" data-e-type=\"widget\" data-widget_type=\"divider.default\">\n\t\t\t\t<div class=\"elementor-widget-container\">\n\t\t\t\t\t\t\t<div class=\"elementor-divider\">\n\t\t\t<span class=\"elementor-divider-separator\">\n\t\t\t\t\t\t<\/span>\n\t\t<\/div>\n\t\t\t\t\t\t<\/div>\n\t\t\t\t<\/div>\n\t\t\t\t<div class=\"elementor-element elementor-element-e576b97 elementor-widget elementor-widget-text-editor\" data-id=\"e576b97\" data-element_type=\"widget\" data-e-type=\"widget\" data-widget_type=\"text-editor.default\">\n\t\t\t\t<div class=\"elementor-widget-container\">\n\t\t\t\t\t\t\t\t\t<p class=\"translation-block\">Onze experts in <strong>ontstopping, lediging en reiniging<\/strong> staan tot uw beschikking om al uw noodgevallen en specifieke verzoeken te beantwoorden. Neem nu contact met ons op voor een <strong>gratis offerte<\/strong> of advies op maat voor uw situatie.<\/p>\t\t\t\t\t\t\t\t<\/div>\n\t\t\t\t<\/div>\n\t\t<div class=\"elementor-element elementor-element-b667c63 e-con-full e-flex e-con e-child\" data-id=\"b667c63\" data-element_type=\"container\" data-e-type=\"container\">\n\t\t\t\t<div class=\"elementor-element elementor-element-b11c23c elementor-widget elementor-widget-button\" data-id=\"b11c23c\" data-element_type=\"widget\" data-e-type=\"widget\" data-widget_type=\"button.default\">\n\t\t\t\t<div class=\"elementor-widget-container\">\n\t\t\t\t\t\t\t\t\t<div class=\"elementor-button-wrapper\">\n\t\t\t\t\t<a class=\"elementor-button elementor-button-link elementor-size-sm\" href=\"tel:024102154\">\n\t\t\t\t\t\t<span class=\"elementor-button-content-wrapper\">\n\t\t\t\t\t\t\t\t\t<span class=\"elementor-button-text\">02 410 21 54<\/span>\n\t\t\t\t\t<\/span>\n\t\t\t\t\t<\/a>\n\t\t\t\t<\/div>\n\t\t\t\t\t\t\t\t<\/div>\n\t\t\t\t<\/div>\n\t\t\t\t<div class=\"elementor-element elementor-element-08b5961 elementor-widget elementor-widget-button\" data-id=\"08b5961\" data-element_type=\"widget\" data-e-type=\"widget\" data-widget_type=\"button.default\">\n\t\t\t\t<div class=\"elementor-widget-container\">\n\t\t\t\t\t\t\t\t\t<div class=\"elementor-button-wrapper\">\n\t\t\t\t\t<a class=\"elementor-button elementor-button-link elementor-size-sm\" href=\"mailto:info@lavidangeloiseau.be\">\n\t\t\t\t\t\t<span class=\"elementor-button-content-wrapper\">\n\t\t\t\t\t\t\t\t\t<span class=\"elementor-button-text\"> info@lavidangeloiseau.be<\/span>\n\t\t\t\t\t<\/span>\n\t\t\t\t\t<\/a>\n\t\t\t\t<\/div>\n\t\t\t\t\t\t\t\t<\/div>\n\t\t\t\t<\/div>\n\t\t\t\t<\/div>\n\t\t\t\t\t<\/div>\n\t\t\t\t<\/div>\n\t\t<div class=\"elementor-element elementor-element-bffb1fd e-flex e-con-boxed e-con e-parent\" data-id=\"bffb1fd\" data-element_type=\"container\" data-e-type=\"container\" data-settings=\"{&quot;background_background&quot;:&quot;classic&quot;,&quot;shape_divider_bottom&quot;:&quot;triangle&quot;,&quot;shape_divider_bottom_negative&quot;:&quot;yes&quot;}\">\n\t\t\t\t\t<div class=\"e-con-inner\">\n\t\t\t\t<div class=\"elementor-shape elementor-shape-bottom\" aria-hidden=\"true\" data-negative=\"true\">\n\t\t\t<svg xmlns=\"http:\/\/www.w3.org\/2000\/svg\" viewbox=\"0 0 1000 100\" preserveaspectratio=\"none\">\n\t<path class=\"elementor-shape-fill\" d=\"M500.2,94.7L0,0v100h1000V0L500.2,94.7z\"\/>\n<\/svg>\t\t<\/div>\n\t\t<div class=\"elementor-element elementor-element-d0be0e6 e-con-full e-flex e-con e-child\" data-id=\"d0be0e6\" data-element_type=\"container\" data-e-type=\"container\">\n\t\t\t\t<div class=\"elementor-element elementor-element-bf63eda elementor-widget elementor-widget-heading\" data-id=\"bf63eda\" data-element_type=\"widget\" data-e-type=\"widget\" data-widget_type=\"heading.default\">\n\t\t\t\t<div class=\"elementor-widget-container\">\n\t\t\t\t\t<h2 class=\"elementor-heading-title elementor-size-default\">Snelle en effici\u00ebnte ontstopping van toiletten\n<\/h2>\t\t\t\t<\/div>\n\t\t\t\t<\/div>\n\t\t\t\t<div class=\"elementor-element elementor-element-376a7ac elementor-widget-divider--view-line elementor-widget elementor-widget-divider\" data-id=\"376a7ac\" data-element_type=\"widget\" data-e-type=\"widget\" data-widget_type=\"divider.default\">\n\t\t\t\t<div class=\"elementor-widget-container\">\n\t\t\t\t\t\t\t<div class=\"elementor-divider\">\n\t\t\t<span class=\"elementor-divider-separator\">\n\t\t\t\t\t\t<\/span>\n\t\t<\/div>\n\t\t\t\t\t\t<\/div>\n\t\t\t\t<\/div>\n\t\t\t\t<div class=\"elementor-element elementor-element-d1ad9b2 elementor-widget elementor-widget-text-editor\" data-id=\"d1ad9b2\" data-element_type=\"widget\" data-e-type=\"widget\" data-widget_type=\"text-editor.default\">\n\t\t\t\t<div class=\"elementor-widget-container\">\n\t\t\t\t\t\t\t\t\t<p>Verstopte toiletten kunnen snel een groot probleem worden, met slechte geuren en dagelijkse ongemakken als gevolg. Verschillende tekenen wijzen op een aanstaande verstopping: een toiletspoeling die langzaam doorstroomt, ongebruikelijke geluiden of water dat omhoog komt in plaats van correct af te vloeien.<\/p><p class=\"translation-block\"><strong>Vidange Loiseau<\/strong> komt snel ter plaatse in Brussel, Waals-Brabant en Vlaams-Brabant voor een <strong>effici\u00ebnte en schadevrije ontstopping<\/strong>. Onze teams gebruiken professioneel materiaal om elk type verstopping te verhelpen, of het nu gaat om een ophoping van papier, per ongeluk gevallen voorwerpen of een opeenhoping van kalk en organisch vuil.<\/p>\t\t\t\t\t\t\t\t<\/div>\n\t\t\t\t<\/div>\n\t\t\t\t<div class=\"elementor-element elementor-element-6f5fe11 elementor-icon-list--layout-traditional elementor-list-item-link-full_width elementor-widget elementor-widget-icon-list\" data-id=\"6f5fe11\" data-element_type=\"widget\" data-e-type=\"widget\" data-widget_type=\"icon-list.default\">\n\t\t\t\t<div class=\"elementor-widget-container\">\n\t\t\t\t\t\t\t<ul class=\"elementor-icon-list-items\">\n\t\t\t\t\t\t\t<li class=\"elementor-icon-list-item\">\n\t\t\t\t\t\t\t\t\t\t\t<span class=\"elementor-icon-list-icon\">\n\t\t\t\t\t\t\t<i aria-hidden=\"true\" class=\"fas fa-check\"><\/i>\t\t\t\t\t\t<\/span>\n\t\t\t\t\t\t\t\t\t\t<span class=\"elementor-icon-list-text\">Snelle interventie zonder schade<\/span>\n\t\t\t\t\t\t\t\t\t<\/li>\n\t\t\t\t\t\t\t\t<li class=\"elementor-icon-list-item\">\n\t\t\t\t\t\t\t\t\t\t\t<span class=\"elementor-icon-list-icon\">\n\t\t\t\t\t\t\t<i aria-hidden=\"true\" class=\"fas fa-check\"><\/i>\t\t\t\t\t\t<\/span>\n\t\t\t\t\t\t\t\t\t\t<span class=\"elementor-icon-list-text\">Geavanceerde apparatuur voor een effici\u00ebnte ontstopping<\/span>\n\t\t\t\t\t\t\t\t\t<\/li>\n\t\t\t\t\t\t<\/ul>\n\t\t\t\t\t\t<\/div>\n\t\t\t\t<\/div>\n\t\t\t\t<\/div>\n\t\t\t\t\t<\/div>\n\t\t\t\t<\/div>\n\t\t\t\t<\/div>","protected":false},"excerpt":{"rendered":"<p>Toilettes bouch\u00e9es ? Nous intervenons rapidement ! Un probl\u00e8me de toilettes bouch\u00e9es peut vite devenir un d\u00e9sagr\u00e9ment majeur. Vidange Loiseau vous assure une intervention rapide et efficace pour r\u00e9tablir le bon fonctionnement de vos sanitaires. Que ce soit pour un bouchon partiel ou total, nous utilisons des \u00e9quipements professionnels pour d\u00e9boucher vos toilettes sans risque [&hellip;]<\/p>\n","protected":false},"author":1,"featured_media":2546,"parent":0,"menu_order":0,"comment_status":"closed","ping_status":"closed","template":"","meta":{"footnotes":""},"class_list":["post-1770","page","type-page","status-publish","has-post-thumbnail","hentry"],"_links":{"self":[{"href":"https:\/\/lavidangeloiseau.be\/nl\/wp-json\/wp\/v2\/pages\/1770","targetHints":{"allow":["GET"]}}],"collection":[{"href":"https:\/\/lavidangeloiseau.be\/nl\/wp-json\/wp\/v2\/pages"}],"about":[{"href":"https:\/\/lavidangeloiseau.be\/nl\/wp-json\/wp\/v2\/types\/page"}],"author":[{"embeddable":true,"href":"https:\/\/lavidangeloiseau.be\/nl\/wp-json\/wp\/v2\/users\/1"}],"replies":[{"embeddable":true,"href":"https:\/\/lavidangeloiseau.be\/nl\/wp-json\/wp\/v2\/comments?post=1770"}],"version-history":[{"count":34,"href":"https:\/\/lavidangeloiseau.be\/nl\/wp-json\/wp\/v2\/pages\/1770\/revisions"}],"predecessor-version":[{"id":2623,"href":"https:\/\/lavidangeloiseau.be\/nl\/wp-json\/wp\/v2\/pages\/1770\/revisions\/2623"}],"wp:featuredmedia":[{"embeddable":true,"href":"https:\/\/lavidangeloiseau.be\/nl\/wp-json\/wp\/v2\/media\/2546"}],"wp:attachment":[{"href":"https:\/\/lavidangeloiseau.be\/nl\/wp-json\/wp\/v2\/media?parent=1770"}],"curies":[{"name":"wp","href":"https:\/\/api.w.org\/{rel}","templated":true}]}}