{"id":1828,"date":"2025-01-16T17:42:44","date_gmt":"2025-01-16T16:42:44","guid":{"rendered":"https:\/\/lavidangeloiseau.myskydoowebsite.com\/?page_id=1828"},"modified":"2025-06-11T14:33:29","modified_gmt":"2025-06-11T12:33:29","slug":"degraisseurs","status":"publish","type":"page","link":"https:\/\/lavidangeloiseau.be\/en\/degraisseurs\/","title":{"rendered":"Degreaser Draining"},"content":{"rendered":"<div data-elementor-type=\"wp-page\" data-elementor-id=\"1828\" class=\"elementor elementor-1828\" data-elementor-post-type=\"page\">\n\t\t\t\t<div class=\"elementor-element elementor-element-a5480d2 e-flex e-con-boxed e-con e-parent\" data-id=\"a5480d2\" data-element_type=\"container\" data-e-type=\"container\" data-settings=\"{&quot;background_background&quot;:&quot;classic&quot;,&quot;shape_divider_bottom&quot;:&quot;triangle&quot;,&quot;shape_divider_bottom_negative&quot;:&quot;yes&quot;}\">\n\t\t\t\t\t<div class=\"e-con-inner\">\n\t\t\t\t<div class=\"elementor-shape elementor-shape-bottom\" aria-hidden=\"true\" data-negative=\"true\">\n\t\t\t<svg xmlns=\"http:\/\/www.w3.org\/2000\/svg\" viewbox=\"0 0 1000 100\" preserveaspectratio=\"none\">\n\t<path class=\"elementor-shape-fill\" d=\"M500.2,94.7L0,0v100h1000V0L500.2,94.7z\"\/>\n<\/svg>\t\t<\/div>\n\t\t\t\t<div class=\"elementor-element elementor-element-1221b15 elementor-widget elementor-widget-heading\" data-id=\"1221b15\" data-element_type=\"widget\" data-e-type=\"widget\" data-widget_type=\"heading.default\">\n\t\t\t\t<div class=\"elementor-widget-container\">\n\t\t\t\t\t<h1 class=\"elementor-heading-title elementor-size-default\">Grease trap pumping: an essential maintenance for your installations.\n<\/h1>\t\t\t\t<\/div>\n\t\t\t\t<\/div>\n\t\t\t\t<div class=\"elementor-element elementor-element-f6b7b88 elementor-widget-divider--view-line elementor-widget elementor-widget-divider\" data-id=\"f6b7b88\" data-element_type=\"widget\" data-e-type=\"widget\" data-widget_type=\"divider.default\">\n\t\t\t\t<div class=\"elementor-widget-container\">\n\t\t\t\t\t\t\t<div class=\"elementor-divider\">\n\t\t\t<span class=\"elementor-divider-separator\">\n\t\t\t\t\t\t<\/span>\n\t\t<\/div>\n\t\t\t\t\t\t<\/div>\n\t\t\t\t<\/div>\n\t\t\t\t<div class=\"elementor-element elementor-element-0f7df7d elementor-widget elementor-widget-text-editor\" data-id=\"0f7df7d\" data-element_type=\"widget\" data-e-type=\"widget\" data-widget_type=\"text-editor.default\">\n\t\t\t\t<div class=\"elementor-widget-container\">\n\t\t\t\t\t\t\t\t\t<p>Grease trap emptying is an essential operation to ensure the proper functioning of installations and to prevent the buildup of grease, oils, and food residues. Over time, these deposits can cause blockages, unpleasant odors, and malfunctions in the pipes.<\/p><p>La Vidange Loiseau operates in Brussels and Walloon Brabant to provide complete emptying and thorough cleaning of grease traps. Using high-performance equipment and appropriate techniques, the team guarantees optimal results, helping to prevent blockages and maintain compliance with sanitary standards. Regular maintenance of grease traps enhances the longevity of the installations and ensures a healthy environment.<\/p>\t\t\t\t\t\t\t\t<\/div>\n\t\t\t\t<\/div>\n\t\t\t\t<div class=\"elementor-element elementor-element-94b1f2d elementor-align-center elementor-widget elementor-widget-button\" data-id=\"94b1f2d\" data-element_type=\"widget\" data-e-type=\"widget\" data-widget_type=\"button.default\">\n\t\t\t\t<div class=\"elementor-widget-container\">\n\t\t\t\t\t\t\t\t\t<div class=\"elementor-button-wrapper\">\n\t\t\t\t\t<a class=\"elementor-button elementor-button-link elementor-size-sm\" href=\"https:\/\/lavidangeloiseau.be\/en\/contact\/\">\n\t\t\t\t\t\t<span class=\"elementor-button-content-wrapper\">\n\t\t\t\t\t\t<span class=\"elementor-button-icon\">\n\t\t\t\t<i aria-hidden=\"true\" class=\"fas fa-arrow-right\"><\/i>\t\t\t<\/span>\n\t\t\t\t\t\t\t\t\t<span class=\"elementor-button-text\">Contact Us<\/span>\n\t\t\t\t\t<\/span>\n\t\t\t\t\t<\/a>\n\t\t\t\t<\/div>\n\t\t\t\t\t\t\t\t<\/div>\n\t\t\t\t<\/div>\n\t\t\t\t\t<\/div>\n\t\t\t\t<\/div>\n\t\t<div class=\"elementor-element elementor-element-7e7a784 e-flex e-con-boxed e-con e-parent\" data-id=\"7e7a784\" data-element_type=\"container\" data-e-type=\"container\">\n\t\t\t\t\t<div class=\"e-con-inner\">\n\t\t<div class=\"elementor-element elementor-element-8f4e4ca e-con-full e-flex e-con e-child\" data-id=\"8f4e4ca\" data-element_type=\"container\" data-e-type=\"container\" data-settings=\"{&quot;background_background&quot;:&quot;classic&quot;}\">\n\t\t\t\t<div class=\"elementor-element elementor-element-7008100 elementor-widget elementor-widget-image\" data-id=\"7008100\" data-element_type=\"widget\" data-e-type=\"widget\" data-widget_type=\"image.default\">\n\t\t\t\t<div class=\"elementor-widget-container\">\n\t\t\t\t\t\t\t\t\t\t\t\t\t\t\t<img fetchpriority=\"high\" decoding=\"async\" width=\"2160\" height=\"1440\" src=\"https:\/\/lavidangeloiseau.be\/wp-content\/uploads\/vitesske-photo-19.jpg\" class=\"attachment-large size-large wp-image-2525\" alt=\"puisards\" srcset=\"https:\/\/lavidangeloiseau.be\/wp-content\/uploads\/vitesske-photo-19.jpg 2160w, https:\/\/lavidangeloiseau.be\/wp-content\/uploads\/vitesske-photo-19-768x512.jpg 768w, https:\/\/lavidangeloiseau.be\/wp-content\/uploads\/vitesske-photo-19-1536x1024.jpg 1536w, https:\/\/lavidangeloiseau.be\/wp-content\/uploads\/vitesske-photo-19-2048x1365.jpg 2048w, https:\/\/lavidangeloiseau.be\/wp-content\/uploads\/vitesske-photo-19-18x12.jpg 18w\" sizes=\"(max-width: 2160px) 100vw, 2160px\" title=\"\">\t\t\t\t\t\t\t\t\t\t\t\t\t\t\t<\/div>\n\t\t\t\t<\/div>\n\t\t\t\t<div class=\"elementor-element elementor-element-ecf07b7 elementor-widget elementor-widget-image\" data-id=\"ecf07b7\" data-element_type=\"widget\" data-e-type=\"widget\" data-widget_type=\"image.default\">\n\t\t\t\t<div class=\"elementor-widget-container\">\n\t\t\t\t\t\t\t\t\t\t\t\t\t\t\t<img decoding=\"async\" width=\"2160\" height=\"1440\" src=\"https:\/\/lavidangeloiseau.be\/wp-content\/uploads\/vitesske-photo-20.jpg\" class=\"attachment-large size-large wp-image-2526\" alt=\"d\u00e9graisseurs\" srcset=\"https:\/\/lavidangeloiseau.be\/wp-content\/uploads\/vitesske-photo-20.jpg 2160w, https:\/\/lavidangeloiseau.be\/wp-content\/uploads\/vitesske-photo-20-768x512.jpg 768w, https:\/\/lavidangeloiseau.be\/wp-content\/uploads\/vitesske-photo-20-1536x1024.jpg 1536w, https:\/\/lavidangeloiseau.be\/wp-content\/uploads\/vitesske-photo-20-2048x1365.jpg 2048w, https:\/\/lavidangeloiseau.be\/wp-content\/uploads\/vitesske-photo-20-18x12.jpg 18w\" sizes=\"(max-width: 2160px) 100vw, 2160px\" title=\"\">\t\t\t\t\t\t\t\t\t\t\t\t\t\t\t<\/div>\n\t\t\t\t<\/div>\n\t\t\t\t<\/div>\n\t\t<div class=\"elementor-element elementor-element-dc38585 e-con-full e-flex e-con e-child\" data-id=\"dc38585\" data-element_type=\"container\" data-e-type=\"container\">\n\t\t\t\t<div class=\"elementor-element elementor-element-c376592 elementor-widget-divider--view-line_text elementor-widget-divider--separator-type-pattern elementor-widget-divider--element-align-center elementor-widget elementor-widget-divider\" data-id=\"c376592\" data-element_type=\"widget\" data-e-type=\"widget\" data-widget_type=\"divider.default\">\n\t\t\t\t<div class=\"elementor-widget-container\">\n\t\t\t\t\t\t\t<div class=\"elementor-divider\" style=\"--divider-pattern-url: url(&quot;data:image\/svg+xml,%3Csvg xmlns=&#039;http:\/\/www.w3.org\/2000\/svg&#039; preserveAspectRatio=&#039;none&#039; overflow=&#039;visible&#039; height=&#039;100%&#039; viewBox=&#039;0 0 20 16&#039; fill=&#039;none&#039; stroke=&#039;black&#039; stroke-width=&#039;1&#039; stroke-linecap=&#039;square&#039; stroke-miterlimit=&#039;10&#039;%3E%3Cg transform=&#039;translate(-12.000000, 0)&#039;%3E%3Cpath d=&#039;M28,0L10,18&#039;\/%3E%3Cpath d=&#039;M18,0L0,18&#039;\/%3E%3Cpath d=&#039;M48,0L30,18&#039;\/%3E%3Cpath d=&#039;M38,0L20,18&#039;\/%3E%3C\/g%3E%3C\/svg%3E&quot;);\">\n\t\t\t<span class=\"elementor-divider-separator\">\n\t\t\t\t\t\t\t<h2 class=\"elementor-divider__text elementor-divider__element\">\n\t\t\t\tDegreaser emptying\t\t\t\t<\/h2>\n\t\t\t\t\t\t<\/span>\n\t\t<\/div>\n\t\t\t\t\t\t<\/div>\n\t\t\t\t<\/div>\n\t\t\t\t<div class=\"elementor-element elementor-element-6d228ee elementor-widget elementor-widget-text-editor\" data-id=\"6d228ee\" data-element_type=\"widget\" data-e-type=\"widget\" data-widget_type=\"text-editor.default\">\n\t\t\t\t<div class=\"elementor-widget-container\">\n\t\t\t\t\t\t\t\t\t<p>Proper maintenance of grease traps is essential to prevent the accumulation of greasy residues that can clog your pipes and cause unpleasant odors. Regular emptying helps maintain the efficiency of the drainage system and ensures compliance with current sanitary standards.<\/p><p>La Vidange Loiseau operates with professionalism to ensure thorough and efficient cleaning of your grease traps. Thanks to specialized equipment and an experienced team, each intervention is carried out with care to prevent any risk of blockage and contamination.<\/p><p>Need a fast and efficient service? Contact us today for optimal maintenance of your installations and a solution tailored to your needs.<\/p>\t\t\t\t\t\t\t\t<\/div>\n\t\t\t\t<\/div>\n\t\t\t\t<div class=\"elementor-element elementor-element-ab9a080 elementor-mobile-align-center elementor-widget elementor-widget-button\" data-id=\"ab9a080\" data-element_type=\"widget\" data-e-type=\"widget\" data-widget_type=\"button.default\">\n\t\t\t\t<div class=\"elementor-widget-container\">\n\t\t\t\t\t\t\t\t\t<div class=\"elementor-button-wrapper\">\n\t\t\t\t\t<a class=\"elementor-button elementor-button-link elementor-size-sm\" href=\"https:\/\/lavidangeloiseau.be\/en\/contact\/\">\n\t\t\t\t\t\t<span class=\"elementor-button-content-wrapper\">\n\t\t\t\t\t\t<span class=\"elementor-button-icon\">\n\t\t\t\t<i aria-hidden=\"true\" class=\"fas fa-arrow-right\"><\/i>\t\t\t<\/span>\n\t\t\t\t\t\t\t\t\t<span class=\"elementor-button-text\">Contact Us<\/span>\n\t\t\t\t\t<\/span>\n\t\t\t\t\t<\/a>\n\t\t\t\t<\/div>\n\t\t\t\t\t\t\t\t<\/div>\n\t\t\t\t<\/div>\n\t\t\t\t<\/div>\n\t\t\t\t\t<\/div>\n\t\t\t\t<\/div>\n\t\t<div class=\"elementor-element elementor-element-ca9d8c7 e-flex e-con-boxed e-con e-parent\" data-id=\"ca9d8c7\" data-element_type=\"container\" data-e-type=\"container\" data-settings=\"{&quot;background_background&quot;:&quot;classic&quot;}\">\n\t\t\t\t\t<div class=\"e-con-inner\">\n\t\t\t\t<div class=\"elementor-element elementor-element-12ca07c elementor-widget elementor-widget-heading\" data-id=\"12ca07c\" data-element_type=\"widget\" data-e-type=\"widget\" data-widget_type=\"heading.default\">\n\t\t\t\t<div class=\"elementor-widget-container\">\n\t\t\t\t\t<h2 class=\"elementor-heading-title elementor-size-default\">Contact us for a quick and effective intervention!\n<\/h2>\t\t\t\t<\/div>\n\t\t\t\t<\/div>\n\t\t\t\t<div class=\"elementor-element elementor-element-643f4d7 elementor-widget-divider--view-line elementor-widget elementor-widget-divider\" data-id=\"643f4d7\" data-element_type=\"widget\" data-e-type=\"widget\" data-widget_type=\"divider.default\">\n\t\t\t\t<div class=\"elementor-widget-container\">\n\t\t\t\t\t\t\t<div class=\"elementor-divider\">\n\t\t\t<span class=\"elementor-divider-separator\">\n\t\t\t\t\t\t<\/span>\n\t\t<\/div>\n\t\t\t\t\t\t<\/div>\n\t\t\t\t<\/div>\n\t\t\t\t<div class=\"elementor-element elementor-element-7898d81 elementor-widget elementor-widget-text-editor\" data-id=\"7898d81\" data-element_type=\"widget\" data-e-type=\"widget\" data-widget_type=\"text-editor.default\">\n\t\t\t\t<div class=\"elementor-widget-container\">\n\t\t\t\t\t\t\t\t\t<p class=\"translation-block\">Do you need an emergency emptying or unclogging service? Are you looking for an experienced team to maintain your installations? <strong>La Vidange Loiseau<\/strong> is your trusted partner in Brussels and Walloon Brabant.<\/p>\t\t\t\t\t\t\t\t<\/div>\n\t\t\t\t<\/div>\n\t\t<div class=\"elementor-element elementor-element-a413097 e-con-full e-flex e-con e-child\" data-id=\"a413097\" data-element_type=\"container\" data-e-type=\"container\">\n\t\t\t\t<div class=\"elementor-element elementor-element-29bd65e elementor-widget elementor-widget-button\" data-id=\"29bd65e\" data-element_type=\"widget\" data-e-type=\"widget\" data-widget_type=\"button.default\">\n\t\t\t\t<div class=\"elementor-widget-container\">\n\t\t\t\t\t\t\t\t\t<div class=\"elementor-button-wrapper\">\n\t\t\t\t\t<a class=\"elementor-button elementor-button-link elementor-size-sm\" href=\"tel:024102154\">\n\t\t\t\t\t\t<span class=\"elementor-button-content-wrapper\">\n\t\t\t\t\t\t\t\t\t<span class=\"elementor-button-text\">02 410 21 54<\/span>\n\t\t\t\t\t<\/span>\n\t\t\t\t\t<\/a>\n\t\t\t\t<\/div>\n\t\t\t\t\t\t\t\t<\/div>\n\t\t\t\t<\/div>\n\t\t\t\t<div class=\"elementor-element elementor-element-662cdfd elementor-widget elementor-widget-button\" data-id=\"662cdfd\" data-element_type=\"widget\" data-e-type=\"widget\" data-widget_type=\"button.default\">\n\t\t\t\t<div class=\"elementor-widget-container\">\n\t\t\t\t\t\t\t\t\t<div class=\"elementor-button-wrapper\">\n\t\t\t\t\t<a class=\"elementor-button elementor-button-link elementor-size-sm\" href=\"mailto:info@lavidangeloiseau.be\">\n\t\t\t\t\t\t<span class=\"elementor-button-content-wrapper\">\n\t\t\t\t\t\t\t\t\t<span class=\"elementor-button-text\"> info@lavidangeloiseau.be<\/span>\n\t\t\t\t\t<\/span>\n\t\t\t\t\t<\/a>\n\t\t\t\t<\/div>\n\t\t\t\t\t\t\t\t<\/div>\n\t\t\t\t<\/div>\n\t\t\t\t<\/div>\n\t\t\t\t\t<\/div>\n\t\t\t\t<\/div>\n\t\t<div class=\"elementor-element elementor-element-f6b239d e-flex e-con-boxed e-con e-parent\" data-id=\"f6b239d\" data-element_type=\"container\" data-e-type=\"container\" data-settings=\"{&quot;background_background&quot;:&quot;classic&quot;,&quot;shape_divider_bottom&quot;:&quot;triangle&quot;,&quot;shape_divider_bottom_negative&quot;:&quot;yes&quot;}\">\n\t\t\t\t\t<div class=\"e-con-inner\">\n\t\t\t\t<div class=\"elementor-shape elementor-shape-bottom\" aria-hidden=\"true\" data-negative=\"true\">\n\t\t\t<svg xmlns=\"http:\/\/www.w3.org\/2000\/svg\" viewbox=\"0 0 1000 100\" preserveaspectratio=\"none\">\n\t<path class=\"elementor-shape-fill\" d=\"M500.2,94.7L0,0v100h1000V0L500.2,94.7z\"\/>\n<\/svg>\t\t<\/div>\n\t\t<div class=\"elementor-element elementor-element-ef7be6c e-con-full e-flex e-con e-child\" data-id=\"ef7be6c\" data-element_type=\"container\" data-e-type=\"container\">\n\t\t\t\t<div class=\"elementor-element elementor-element-984e2d0 elementor-widget elementor-widget-heading\" data-id=\"984e2d0\" data-element_type=\"widget\" data-e-type=\"widget\" data-widget_type=\"heading.default\">\n\t\t\t\t<div class=\"elementor-widget-container\">\n\t\t\t\t\t<h2 class=\"elementor-heading-title elementor-size-default\">Grease Trap Emptying: Professional Maintenance and Cleaning\n<\/h2>\t\t\t\t<\/div>\n\t\t\t\t<\/div>\n\t\t\t\t<div class=\"elementor-element elementor-element-7c151e1 elementor-widget-divider--view-line elementor-widget elementor-widget-divider\" data-id=\"7c151e1\" data-element_type=\"widget\" data-e-type=\"widget\" data-widget_type=\"divider.default\">\n\t\t\t\t<div class=\"elementor-widget-container\">\n\t\t\t\t\t\t\t<div class=\"elementor-divider\">\n\t\t\t<span class=\"elementor-divider-separator\">\n\t\t\t\t\t\t<\/span>\n\t\t<\/div>\n\t\t\t\t\t\t<\/div>\n\t\t\t\t<\/div>\n\t\t\t\t<div class=\"elementor-element elementor-element-3d9f7bb elementor-widget elementor-widget-text-editor\" data-id=\"3d9f7bb\" data-element_type=\"widget\" data-e-type=\"widget\" data-widget_type=\"text-editor.default\">\n\t\t\t\t<div class=\"elementor-widget-container\">\n\t\t\t\t\t\t\t\t\t<p class=\"translation-block\">Grease traps play a key role in the proper functioning of drainage systems by <strong>retaining grease and oils<\/strong> before they can clog your pipes. To avoid unpleasant odors, prevent blockages, and ensure your system remains compliant, <strong>regular emptying is essential<\/strong>.<\/p><p class=\"translation-block\">For over 60 years, <strong>La Vidange Loiseau<\/strong> has been providing <strong>pumping, cleaning, and complete maintenance of grease traps<\/strong>, whether for <strong>restaurants, public institutions, the food industry, or other professional establishments<\/strong>. Our experienced technicians use high-performance equipment to ensure fast removal and <strong>thorough cleaning<\/strong> of your grease trap.<\/p>\t\t\t\t\t\t\t\t<\/div>\n\t\t\t\t<\/div>\n\t\t\t\t<div class=\"elementor-element elementor-element-c7bd250 elementor-icon-list--layout-traditional elementor-list-item-link-full_width elementor-widget elementor-widget-icon-list\" data-id=\"c7bd250\" data-element_type=\"widget\" data-e-type=\"widget\" data-widget_type=\"icon-list.default\">\n\t\t\t\t<div class=\"elementor-widget-container\">\n\t\t\t\t\t\t\t<ul class=\"elementor-icon-list-items\">\n\t\t\t\t\t\t\t<li class=\"elementor-icon-list-item\">\n\t\t\t\t\t\t\t\t\t\t\t<span class=\"elementor-icon-list-icon\">\n\t\t\t\t\t\t\t<i aria-hidden=\"true\" class=\"fas fa-check\"><\/i>\t\t\t\t\t\t<\/span>\n\t\t\t\t\t\t\t\t\t\t<span class=\"elementor-icon-list-text\">Fast and Efficient Service in Brussels and Walloon Brabant<\/span>\n\t\t\t\t\t\t\t\t\t<\/li>\n\t\t\t\t\t\t\t\t<li class=\"elementor-icon-list-item\">\n\t\t\t\t\t\t\t\t\t\t\t<span class=\"elementor-icon-list-icon\">\n\t\t\t\t\t\t\t<i aria-hidden=\"true\" class=\"fas fa-check\"><\/i>\t\t\t\t\t\t<\/span>\n\t\t\t\t\t\t\t\t\t\t<span class=\"elementor-icon-list-text\">Fast and Efficient Service in Brussels and Walloon Brabant<\/span>\n\t\t\t\t\t\t\t\t\t<\/li>\n\t\t\t\t\t\t\t\t<li class=\"elementor-icon-list-item\">\n\t\t\t\t\t\t\t\t\t\t\t<span class=\"elementor-icon-list-icon\">\n\t\t\t\t\t\t\t<i aria-hidden=\"true\" class=\"fas fa-check\"><\/i>\t\t\t\t\t\t<\/span>\n\t\t\t\t\t\t\t\t\t\t<span class=\"elementor-icon-list-text\">Free Quote and Service Tailored to Your Needs<\/span>\n\t\t\t\t\t\t\t\t\t<\/li>\n\t\t\t\t\t\t<\/ul>\n\t\t\t\t\t\t<\/div>\n\t\t\t\t<\/div>\n\t\t\t\t<\/div>\n\t\t\t\t\t<\/div>\n\t\t\t\t<\/div>\n\t\t\t\t<\/div>","protected":false},"excerpt":{"rendered":"<p>Vidange de d\u00e9graisseurs : un entretien essentiel pour vos installations La vidange de d\u00e9graisseurs est une op\u00e9ration indispensable pour garantir le bon fonctionnement des installations et \u00e9viter l\u2019accumulation de graisses, d\u2019huiles et de r\u00e9sidus alimentaires. Avec le temps, ces d\u00e9p\u00f4ts peuvent entra\u00eener des obstructions, des mauvaises odeurs et des dysfonctionnements au niveau des canalisations. La [&hellip;]<\/p>\n","protected":false},"author":1,"featured_media":2526,"parent":0,"menu_order":0,"comment_status":"closed","ping_status":"closed","template":"","meta":{"footnotes":""},"class_list":["post-1828","page","type-page","status-publish","has-post-thumbnail","hentry"],"_links":{"self":[{"href":"https:\/\/lavidangeloiseau.be\/en\/wp-json\/wp\/v2\/pages\/1828","targetHints":{"allow":["GET"]}}],"collection":[{"href":"https:\/\/lavidangeloiseau.be\/en\/wp-json\/wp\/v2\/pages"}],"about":[{"href":"https:\/\/lavidangeloiseau.be\/en\/wp-json\/wp\/v2\/types\/page"}],"author":[{"embeddable":true,"href":"https:\/\/lavidangeloiseau.be\/en\/wp-json\/wp\/v2\/users\/1"}],"replies":[{"embeddable":true,"href":"https:\/\/lavidangeloiseau.be\/en\/wp-json\/wp\/v2\/comments?post=1828"}],"version-history":[{"count":36,"href":"https:\/\/lavidangeloiseau.be\/en\/wp-json\/wp\/v2\/pages\/1828\/revisions"}],"predecessor-version":[{"id":2646,"href":"https:\/\/lavidangeloiseau.be\/en\/wp-json\/wp\/v2\/pages\/1828\/revisions\/2646"}],"wp:featuredmedia":[{"embeddable":true,"href":"https:\/\/lavidangeloiseau.be\/en\/wp-json\/wp\/v2\/media\/2526"}],"wp:attachment":[{"href":"https:\/\/lavidangeloiseau.be\/en\/wp-json\/wp\/v2\/media?parent=1828"}],"curies":[{"name":"wp","href":"https:\/\/api.w.org\/{rel}","templated":true}]}}